{"id":2494,"date":"2023-06-19T19:16:19","date_gmt":"2023-06-19T19:16:19","guid":{"rendered":"http:\/\/medkithealth-aesthetics.com\/?page_id=2494"},"modified":"2024-02-26T22:12:53","modified_gmt":"2024-02-26T22:12:53","slug":"microneedling-radio-frequency","status":"publish","type":"page","link":"https:\/\/medkithealthinstitute.com\/es\/services\/microneedling-radio-frequency\/","title":{"rendered":"RADIO FREQUENCY MICRONEEDLING"},"content":{"rendered":"<div data-elementor-type=\"wp-page\" data-elementor-id=\"2494\" class=\"elementor elementor-2494\">\n\t\t\t\t\t\t<section class=\"elementor-section elementor-top-section elementor-element elementor-element-134a257 elementor-section-boxed elementor-section-height-default elementor-section-height-default\" data-id=\"134a257\" data-element_type=\"section\" data-e-type=\"section\">\r\n\t\t\r\n\t\t\t\t\t\t\t<div class=\"elementor-container elementor-column-gap-default\">\r\n\t\t\t\t\t\t\t\t\t\t\t<div class=\"elementor-column elementor-col-100 elementor-top-column elementor-element elementor-element-2da1d32\" data-id=\"2da1d32\" data-element_type=\"column\" data-e-type=\"column\">\r\n\t\t\t\t\t<div class=\"elementor-widget-wrap elementor-element-populated\">\r\n\t\t\t\t\t\t\t\t<div class=\"elementor-element elementor-element-08fb8a0 elementor-widget elementor-widget-spacer\" data-id=\"08fb8a0\" data-element_type=\"widget\" data-e-type=\"widget\" data-widget_type=\"spacer.default\">\n\t\t\t\t<div class=\"elementor-widget-container\">\n\t\t\t\t\t\t\t<div class=\"elementor-spacer\">\n\t\t\t<div class=\"elementor-spacer-inner\"><\/div>\n\t\t<\/div>\n\t\t\t\t\t\t<\/div>\n\t\t\t\t<\/div>\n\t\t\t\t\t<\/div>\r\n\t\t\t\t<\/div>\r\n\t\t\t\t\t<\/div>\r\n\t\t\t\t<\/section>\r\n\t\t\t\t<section class=\"elementor-section elementor-top-section elementor-element elementor-element-8a41474 m-t-sm m-b-lg elementor-section-full_width elementor-section-height-default elementor-section-height-default\" data-id=\"8a41474\" data-element_type=\"section\" data-e-type=\"section\">\r\n\t\t\r\n\t\t\t\t\t\t\t<div class=\"elementor-container elementor-column-gap-default\">\r\n\t\t\t\t\t\t\t\t\t\t\t<div class=\"elementor-column elementor-col-50 elementor-top-column elementor-element elementor-element-5da89f0\" data-id=\"5da89f0\" data-element_type=\"column\" data-e-type=\"column\">\r\n\t\t\t\t\t<div class=\"elementor-widget-wrap elementor-element-populated\">\r\n\t\t\t\t\t\t\t\t<div class=\"elementor-element elementor-element-a9799a2 elementor-widget elementor-widget-heading\" data-id=\"a9799a2\" data-element_type=\"widget\" data-e-type=\"widget\" data-widget_type=\"heading.default\">\n\t\t\t\t<div class=\"elementor-widget-container\">\n\t\t\t\t\t<h2 class=\"elementor-heading-title elementor-size-default\">Radiofrecuencia y Microneedling en Pompano Beach<\/h2>\t\t\t\t<\/div>\n\t\t\t\t<\/div>\n\t\t\t\t<div class=\"elementor-element elementor-element-c1b9e90 mb-4 elementor-widget-divider--view-line elementor-widget elementor-widget-divider\" data-id=\"c1b9e90\" data-element_type=\"widget\" data-e-type=\"widget\" data-widget_type=\"divider.default\">\n\t\t\t\t<div class=\"elementor-widget-container\">\n\t\t\t\t\t\t\t<div class=\"elementor-divider\">\n\t\t\t<span class=\"elementor-divider-separator\">\n\t\t\t\t\t\t<\/span>\n\t\t<\/div>\n\t\t\t\t\t\t<\/div>\n\t\t\t\t<\/div>\n\t\t\t\t<div class=\"elementor-element elementor-element-790122a elementor-widget elementor-widget-text-editor\" data-id=\"790122a\" data-element_type=\"widget\" data-e-type=\"widget\" data-widget_type=\"text-editor.default\">\n\t\t\t\t<div class=\"elementor-widget-container\">\n\t\t\t\t\t\t\t\t\t<ul><li><b>Secret RF: la soluci\u00f3n definitiva para la remodelaci\u00f3n d\u00e9rmica y el rejuvenecimiento de la piel<\/b><\/li><\/ul><p><span style=\"font-weight: 400;\">\u00bfEst\u00e1s cansado de lidiar con problemas de la piel como arrugas, l\u00edneas finas, flacidez, manchas solares, cicatrices, cicatrices de acn\u00e9 o estr\u00edas? No busque m\u00e1s, Secret RF, el tratamiento revolucionario que aborda todos estos problemas y m\u00e1s.<\/span><\/p><p><span style=\"font-weight: 400;\">Secret RF es un extraordinario dispositivo de remodelaci\u00f3n d\u00e9rmica que estimula la producci\u00f3n de col\u00e1geno para combatir los problemas de envejecimiento y restaurar el brillo juvenil de la piel. Lo que distingue a este tratamiento de los dem\u00e1s es su capacidad de personalizarlo seg\u00fan su tipo de piel y sus preocupaciones espec\u00edficas. Ya sea que tenga piel sensible o sufra hiperpigmentaci\u00f3n, Secret RF es una opci\u00f3n segura y eficaz que puede adaptarse a sus necesidades. Antes del tratamiento, su t\u00e9cnico ajustar\u00e1 la configuraci\u00f3n, como la profundidad de la aguja, para garantizar resultados \u00f3ptimos y efectos secundarios m\u00ednimos.<\/span><\/p><ul><li style=\"font-weight: 400;\" aria-level=\"1\"><b>AGNES RF: Presentaci\u00f3n del revolucionario contorno de rostro y cuello no quir\u00fargico con microagujas de precisi\u00f3n por radiofrecuencia<\/b><\/li><\/ul><p><span style=\"font-weight: 400;\">Si est\u00e1 buscando una soluci\u00f3n innovadora y no quir\u00fargica para mejorar la apariencia general de su piel, AGNES RF es la respuesta. Desarrollado originalmente para el acn\u00e9 activo, AGNES RF ahora se ha convertido en un procedimiento cosm\u00e9tico vers\u00e1til que contornea eficazmente el \u00e1rea de la cara y el cuello. Este tratamiento excepcional combina radiofrecuencia y microagujas de precisi\u00f3n para estimular los fibroblastos y promover la producci\u00f3n de col\u00e1geno en la piel. El resultado final es una piel incre\u00edblemente suave, tersa y esculpida, similar a un lifting facial o de ojos.<\/span><\/p><p><span style=\"font-weight: 400;\">Con la notable capacidad de AGNES RF para abordar las arrugas periorbitarias o las bolsas debajo de los ojos, los clientes ya no necesitan luchar con estas \u00e1reas de preocupaci\u00f3n. Experimente los incre\u00edbles resultados usted mismo y revele la piel revitalizada y de aspecto m\u00e1s joven que siempre ha so\u00f1ado. \u00a1Reserve una cita hoy y descubra el poder de AGNES RF!<\/span><\/p><ul><li aria-level=\"2\"><b>MICRONEEDLING: Transforme su piel con la experiencia de microagujas SkinPen<\/b><\/li><\/ul><p><span style=\"font-weight: 400;\">\u00bfEst\u00e1s listo para retroceder el tiempo y restaurar el brillo natural de tu piel? No busque m\u00e1s, la experiencia de microagujas SkinPen, el primer dispositivo aprobado por la FDA que mejora significativamente la apariencia de l\u00edneas finas y arrugas, estr\u00edas y cicatrices de acn\u00e9.<\/span><\/p><p><span style=\"font-weight: 400;\">El tratamiento SkinPen es una experiencia para todo el cuerpo que puede hacer maravillas en diferentes partes del cuerpo, incluidos la cara, el cuello, el escote, los brazos, las manos, las piernas, el abdomen y la espalda. El proceso de microagujas implica tres fases: inflamaci\u00f3n, proliferaci\u00f3n y remodelaci\u00f3n. Cuando se perfora la piel, se estimula la producci\u00f3n de col\u00e1geno y elastina, lo que da como resultado una apariencia fresca y rejuvenecida.<\/span><\/p><p><span style=\"font-weight: 400;\">Una de las ventajas m\u00e1s importantes de la microaguja SkinPen es que el tratamiento es m\u00ednimamente invasivo y no requiere tiempo de inactividad. Los pacientes pueden reanudar sus actividades diarias inmediatamente, experimentando s\u00f3lo un leve enrojecimiento y sensibilidad durante unos d\u00edas.<\/span><span style=\"font-weight: 400;\"><br \/><\/span><span style=\"font-weight: 400;\">D\u00edgale adi\u00f3s a la piel apagada y de aspecto cansado y adopte una tez m\u00e1s joven y radiante con la experiencia de microagujas SkinPen. \u00a1Reserve una cita hoy y descubra el poder transformador de este extraordinario tratamiento!<\/span><\/p>\t\t\t\t\t\t\t\t<\/div>\n\t\t\t\t<\/div>\n\t\t\t\t<div class=\"elementor-element elementor-element-1eab410 elementor-widget elementor-widget-heading\" data-id=\"1eab410\" data-element_type=\"widget\" data-e-type=\"widget\" data-widget_type=\"heading.default\">\n\t\t\t\t<div class=\"elementor-widget-container\">\n\t\t\t\t\t<h2 class=\"elementor-heading-title elementor-size-default\">Servicios Disponibles<\/h2>\t\t\t\t<\/div>\n\t\t\t\t<\/div>\n\t\t\t\t<div class=\"elementor-element elementor-element-44b142f elementor-widget elementor-widget-text-editor\" data-id=\"44b142f\" data-element_type=\"widget\" data-e-type=\"widget\" data-widget_type=\"text-editor.default\">\n\t\t\t\t<div class=\"elementor-widget-container\">\n\t\t\t\t\t\t\t\t\t<p>Microneedling:<\/p><ul><li>Microneedling With HA\/HQ\/Tranexemic Acid<\/li><li>Microneedling With PRP<\/li><li>Microneedling With Exosomes<\/li><li>Package of 4 &#8211; With Exosomes<\/li><li>Package of 4 &#8211; With HA\/HQ\/TA<\/li><li>Package of 4 &#8211; With PRP<\/li><\/ul><p>Radio Frequency<\/p><ul><li>Endymed &#8211; Abdomen<\/li><li>Endymed &#8211; Eyes<\/li><li>Endymed &#8211; Knees<\/li><li>Endymed &#8211; Lower Face Only<\/li><li>Endymed &#8211; Neck Only<\/li><li>RF Endymed &#8211; Face and Neck<\/li><li>Vivace 1 treatment Face and Neck<\/li><li>Vivace &#8211; Abdomen<\/li><li>Vivace &#8211; Add D\u00e9colletage<\/li><li>Vivace &#8211; Package of 4 Face and Neck<\/li><\/ul>\t\t\t\t\t\t\t\t<\/div>\n\t\t\t\t<\/div>\n\t\t\t\t<div class=\"elementor-element elementor-element-22662bd elementor-widget elementor-widget-button\" data-id=\"22662bd\" data-element_type=\"widget\" data-e-type=\"widget\" data-widget_type=\"button.default\">\n\t\t\t\t<div class=\"elementor-widget-container\">\n\t\t\t\t\t\t\t\t\t<div class=\"elementor-button-wrapper\">\n\t\t\t\t\t<a class=\"elementor-button elementor-button-link elementor-size-lg\" href=\"https:\/\/web2.myaestheticspro.com\/booknow\/index.cfm?E15DB9D8BA1C58C194A42628E7C59021\" target=\"_blank\">\n\t\t\t\t\t\t<span class=\"elementor-button-content-wrapper\">\n\t\t\t\t\t\t\t\t\t<span class=\"elementor-button-text\">Reserve su consulta<\/span>\n\t\t\t\t\t<\/span>\n\t\t\t\t\t<\/a>\n\t\t\t\t<\/div>\n\t\t\t\t\t\t\t\t<\/div>\n\t\t\t\t<\/div>\n\t\t\t\t\t<\/div>\r\n\t\t\t\t<\/div>\r\n\t\t\t\t<div class=\"elementor-column elementor-col-50 elementor-top-column elementor-element elementor-element-26a5f24\" data-id=\"26a5f24\" data-element_type=\"column\" data-e-type=\"column\">\r\n\t\t\t\t\t<div class=\"elementor-widget-wrap elementor-element-populated\">\r\n\t\t\t\t\t\t\t\t<div class=\"elementor-element elementor-element-12c943e elementor-widget elementor-widget-image\" data-id=\"12c943e\" data-element_type=\"widget\" data-e-type=\"widget\" data-widget_type=\"image.default\">\n\t\t\t\t<div class=\"elementor-widget-container\">\n\t\t\t\t\t\t\t\t\t\t\t\t\t\t\t<img fetchpriority=\"high\" decoding=\"async\" width=\"640\" height=\"480\" src=\"https:\/\/medkithealthinstitute.com\/wp-content\/uploads\/2023\/08\/RADIO-FREQUENCY-MICRONEEDLING.jpg\" class=\"attachment-large size-large wp-image-2700\" alt=\"\" srcset=\"https:\/\/medkithealthinstitute.com\/wp-content\/uploads\/2023\/08\/RADIO-FREQUENCY-MICRONEEDLING.jpg 640w, https:\/\/medkithealthinstitute.com\/wp-content\/uploads\/2023\/08\/RADIO-FREQUENCY-MICRONEEDLING-600x450.jpg 600w, https:\/\/medkithealthinstitute.com\/wp-content\/uploads\/2023\/08\/RADIO-FREQUENCY-MICRONEEDLING-463x348.jpg 463w, https:\/\/medkithealthinstitute.com\/wp-content\/uploads\/2023\/08\/RADIO-FREQUENCY-MICRONEEDLING-400x300.jpg 400w\" sizes=\"(max-width: 640px) 100vw, 640px\" \/>\t\t\t\t\t\t\t\t\t\t\t\t\t\t\t<\/div>\n\t\t\t\t<\/div>\n\t\t\t\t\t<\/div>\r\n\t\t\t\t<\/div>\r\n\t\t\t\t\t<\/div>\r\n\t\t\t\t<\/section>\r\n\t\t\t\t<section class=\"elementor-section elementor-top-section elementor-element elementor-element-e77d1c0 elementor-section-boxed elementor-section-height-default elementor-section-height-default\" data-id=\"e77d1c0\" data-element_type=\"section\" data-e-type=\"section\">\r\n\t\t\r\n\t\t\t\t\t\t\t<div class=\"elementor-container elementor-column-gap-default\">\r\n\t\t\t\t\t\t\t\t\t\t\t<div class=\"elementor-column elementor-col-100 elementor-top-column elementor-element elementor-element-eb0680c\" data-id=\"eb0680c\" data-element_type=\"column\" data-e-type=\"column\">\r\n\t\t\t\t\t<div class=\"elementor-widget-wrap elementor-element-populated\">\r\n\t\t\t\t\t\t\t\t<div class=\"elementor-element elementor-element-029db81 elementor-widget elementor-widget-heading\" data-id=\"029db81\" data-element_type=\"widget\" data-e-type=\"widget\" data-widget_type=\"heading.default\">\n\t\t\t\t<div class=\"elementor-widget-container\">\n\t\t\t\t\t<h1 class=\"elementor-heading-title elementor-size-default\">FAQS<\/h1>\t\t\t\t<\/div>\n\t\t\t\t<\/div>\n\t\t\t\t<div class=\"elementor-element elementor-element-114755f elementor-widget elementor-widget-accordion\" data-id=\"114755f\" data-element_type=\"widget\" data-e-type=\"widget\" data-widget_type=\"accordion.default\">\n\t\t\t\t<div class=\"elementor-widget-container\">\n\t\t\t\t\t\t\t<div class=\"elementor-accordion\">\n\t\t\t\t\t\t\t<div class=\"elementor-accordion-item\">\n\t\t\t\t\t<div id=\"elementor-tab-title-1811\" class=\"elementor-tab-title\" data-tab=\"1\" role=\"button\" aria-controls=\"elementor-tab-content-1811\" aria-expanded=\"false\">\n\t\t\t\t\t\t\t\t\t\t\t\t\t<span class=\"elementor-accordion-icon elementor-accordion-icon-left\" aria-hidden=\"true\">\n\t\t\t\t\t\t\t\t\t\t\t\t\t\t\t<span class=\"elementor-accordion-icon-closed\"><i class=\"fas fa-plus\"><\/i><\/span>\n\t\t\t\t\t\t\t\t<span class=\"elementor-accordion-icon-opened\"><i class=\"fas fa-minus\"><\/i><\/span>\n\t\t\t\t\t\t\t\t\t\t\t\t\t\t<\/span>\n\t\t\t\t\t\t\t\t\t\t\t\t<a class=\"elementor-accordion-title\" tabindex=\"0\">\u00bfQu\u00e9 es Microneedling y c\u00f3mo funciona?<\/a>\n\t\t\t\t\t<\/div>\n\t\t\t\t\t<div id=\"elementor-tab-content-1811\" class=\"elementor-tab-content elementor-clearfix\" data-tab=\"1\" role=\"region\" aria-labelledby=\"elementor-tab-title-1811\"><p>Microneedling es un procedimiento cosm\u00e9tico m\u00ednimamente invasivo que utiliza agujas finas para crear peque\u00f1os pinchazos en la piel. Estas microlesiones estimulan el proceso de curaci\u00f3n natural del cuerpo, promoviendo la producci\u00f3n de col\u00e1geno y elastina, lo que ayuda a mejorar la textura, el tono y la firmeza de la piel.<\/p><\/div>\n\t\t\t\t<\/div>\n\t\t\t\t\t\t\t<div class=\"elementor-accordion-item\">\n\t\t\t\t\t<div id=\"elementor-tab-title-1812\" class=\"elementor-tab-title\" data-tab=\"2\" role=\"button\" aria-controls=\"elementor-tab-content-1812\" aria-expanded=\"false\">\n\t\t\t\t\t\t\t\t\t\t\t\t\t<span class=\"elementor-accordion-icon elementor-accordion-icon-left\" aria-hidden=\"true\">\n\t\t\t\t\t\t\t\t\t\t\t\t\t\t\t<span class=\"elementor-accordion-icon-closed\"><i class=\"fas fa-plus\"><\/i><\/span>\n\t\t\t\t\t\t\t\t<span class=\"elementor-accordion-icon-opened\"><i class=\"fas fa-minus\"><\/i><\/span>\n\t\t\t\t\t\t\t\t\t\t\t\t\t\t<\/span>\n\t\t\t\t\t\t\t\t\t\t\t\t<a class=\"elementor-accordion-title\" tabindex=\"0\">\u00bfQu\u00e9 problemas de la piel puede abordar la microneedling?<\/a>\n\t\t\t\t\t<\/div>\n\t\t\t\t\t<div id=\"elementor-tab-content-1812\" class=\"elementor-tab-content elementor-clearfix\" data-tab=\"2\" role=\"region\" aria-labelledby=\"elementor-tab-title-1812\"><p>Las microagujas son eficaces para tratar diversos problemas de la piel, como arrugas, l\u00edneas finas, cicatrices de acn\u00e9, poros dilatados, tono de piel desigual e hiperpigmentaci\u00f3n. Tambi\u00e9n puede mejorar la absorci\u00f3n de productos t\u00f3picos para el cuidado de la piel, maximizando su eficacia.<\/p><\/div>\n\t\t\t\t<\/div>\n\t\t\t\t\t\t\t<div class=\"elementor-accordion-item\">\n\t\t\t\t\t<div id=\"elementor-tab-title-1813\" class=\"elementor-tab-title\" data-tab=\"3\" role=\"button\" aria-controls=\"elementor-tab-content-1813\" aria-expanded=\"false\">\n\t\t\t\t\t\t\t\t\t\t\t\t\t<span class=\"elementor-accordion-icon elementor-accordion-icon-left\" aria-hidden=\"true\">\n\t\t\t\t\t\t\t\t\t\t\t\t\t\t\t<span class=\"elementor-accordion-icon-closed\"><i class=\"fas fa-plus\"><\/i><\/span>\n\t\t\t\t\t\t\t\t<span class=\"elementor-accordion-icon-opened\"><i class=\"fas fa-minus\"><\/i><\/span>\n\t\t\t\t\t\t\t\t\t\t\t\t\t\t<\/span>\n\t\t\t\t\t\t\t\t\t\t\t\t<a class=\"elementor-accordion-title\" tabindex=\"0\">\u00bfEs dolorosa la microaguja y cu\u00e1l es el tiempo de inactividad?<\/a>\n\t\t\t\t\t<\/div>\n\t\t\t\t\t<div id=\"elementor-tab-content-1813\" class=\"elementor-tab-content elementor-clearfix\" data-tab=\"3\" role=\"region\" aria-labelledby=\"elementor-tab-title-1813\"><p>Si bien se pueden experimentar algunas molestias durante el procedimiento, se aplica una crema anest\u00e9sica t\u00f3pica para minimizar el dolor. Despu\u00e9s del tratamiento, la piel puede enrojecerse y sentirse sensible, similar a una quemadura solar, pero esto generalmente desaparece en unos pocos d\u00edas. La mayor\u00eda de las personas pueden reanudar sus actividades normales inmediatamente despu\u00e9s de la microaguja.<\/p><\/div>\n\t\t\t\t<\/div>\n\t\t\t\t\t\t\t<div class=\"elementor-accordion-item\">\n\t\t\t\t\t<div id=\"elementor-tab-title-1814\" class=\"elementor-tab-title\" data-tab=\"4\" role=\"button\" aria-controls=\"elementor-tab-content-1814\" aria-expanded=\"false\">\n\t\t\t\t\t\t\t\t\t\t\t\t\t<span class=\"elementor-accordion-icon elementor-accordion-icon-left\" aria-hidden=\"true\">\n\t\t\t\t\t\t\t\t\t\t\t\t\t\t\t<span class=\"elementor-accordion-icon-closed\"><i class=\"fas fa-plus\"><\/i><\/span>\n\t\t\t\t\t\t\t\t<span class=\"elementor-accordion-icon-opened\"><i class=\"fas fa-minus\"><\/i><\/span>\n\t\t\t\t\t\t\t\t\t\t\t\t\t\t<\/span>\n\t\t\t\t\t\t\t\t\t\t\t\t<a class=\"elementor-accordion-title\" tabindex=\"0\">\u00bfCu\u00e1ntas sesiones se necesitan y cu\u00e1ndo ver\u00e9 los resultados?<\/a>\n\t\t\t\t\t<\/div>\n\t\t\t\t\t<div id=\"elementor-tab-content-1814\" class=\"elementor-tab-content elementor-clearfix\" data-tab=\"4\" role=\"region\" aria-labelledby=\"elementor-tab-title-1814\"><p>La cantidad de sesiones necesarias depende de las preocupaciones y objetivos de la piel de cada individuo. Generalmente, se recomienda una serie de 3 a 6 tratamientos con un intervalo de 4 a 6 semanas para obtener resultados \u00f3ptimos. La mejora en la textura y el tono de la piel puede notarse unas pocas semanas despu\u00e9s de la primera sesi\u00f3n, y la mejora contin\u00faa durante varios meses a medida que se produce la remodelaci\u00f3n del col\u00e1geno.<\/p><\/div>\n\t\t\t\t<\/div>\n\t\t\t\t\t\t\t\t<\/div>\n\t\t\t\t\t\t<\/div>\n\t\t\t\t<\/div>\n\t\t\t\t\t<\/div>\r\n\t\t\t\t<\/div>\r\n\t\t\t\t\t<\/div>\r\n\t\t\t\t<\/section>\r\n\t\t\t\t<section data-plugin-parallax=\"\" data-plugin-options=\"{&quot;speed&quot;: 1.7}\" class=\"elementor-section elementor-top-section elementor-element elementor-element-203c1e8 elementor-section-full_width elementor-section-height-default elementor-section-height-default\" data-id=\"203c1e8\" data-element_type=\"section\" data-e-type=\"section\" data-settings=\"{&quot;background_background&quot;:&quot;classic&quot;}\">\r\n\t\t\t\t\t\t<div class=\"elementor-background-overlay\"><\/div>\r\n\t\t\t\r\n\t\t\t\t\t\t\t<div class=\"elementor-container elementor-column-gap-default\">\r\n\t\t\t\t\t\t\t\t\t\t\t<div class=\"elementor-column elementor-col-100 elementor-top-column elementor-element elementor-element-2d29302\" data-id=\"2d29302\" data-element_type=\"column\" data-e-type=\"column\">\r\n\t\t\t\t\t<div class=\"elementor-widget-wrap elementor-element-populated\">\r\n\t\t\t\t\t\t\t\t<div class=\"elementor-element elementor-element-4c0ae88 elementor-widget elementor-widget-heading\" data-id=\"4c0ae88\" data-element_type=\"widget\" data-e-type=\"widget\" data-widget_type=\"heading.default\">\n\t\t\t\t<div class=\"elementor-widget-container\">\n\t\t\t\t\t<h2 class=\"elementor-heading-title elementor-size-default\">\u00bfTIENES ALGUNA PREGUNTA?<\/h2>\t\t\t\t<\/div>\n\t\t\t\t<\/div>\n\t\t\t\t<div class=\"elementor-element elementor-element-9024fde elementor-widget elementor-widget-heading\" data-id=\"9024fde\" data-element_type=\"widget\" data-e-type=\"widget\" data-widget_type=\"heading.default\">\n\t\t\t\t<div class=\"elementor-widget-container\">\n\t\t\t\t\t<h2 class=\"elementor-heading-title elementor-size-default\">Programe su consulta gratuita sobre Microneedling hoy y d\u00e9 el primer paso hacia una piel m\u00e1s sana y hermosa.<\/h2>\t\t\t\t<\/div>\n\t\t\t\t<\/div>\n\t\t\t\t<div class=\"elementor-element elementor-element-7e5e254 elementor-align-center elementor-widget elementor-widget-button\" data-id=\"7e5e254\" data-element_type=\"widget\" data-e-type=\"widget\" data-widget_type=\"button.default\">\n\t\t\t\t<div class=\"elementor-widget-container\">\n\t\t\t\t\t\t\t\t\t<div class=\"elementor-button-wrapper\">\n\t\t\t\t\t<a class=\"elementor-button elementor-button-link elementor-size-sm\" href=\"https:\/\/medkithealthinstitute.com\/es\/contact-us\/\">\n\t\t\t\t\t\t<span class=\"elementor-button-content-wrapper\">\n\t\t\t\t\t\t\t\t\t<span class=\"elementor-button-text\">CONTACTENOS<\/span>\n\t\t\t\t\t<\/span>\n\t\t\t\t\t<\/a>\n\t\t\t\t<\/div>\n\t\t\t\t\t\t\t\t<\/div>\n\t\t\t\t<\/div>\n\t\t\t\t\t<\/div>\r\n\t\t\t\t<\/div>\r\n\t\t\t\t\t<\/div>\r\n\t\t\t\t<\/section>\r\n\t\t\t\t<\/div>","protected":false},"excerpt":{"rendered":"<p>Radio Frequency and Microneedling in Pompano Beach Secret RF: The Ultimate Solution for Dermal Remodeling and Skin Rejuvenation Are you tired of dealing with skin concerns such as wrinkles, fine lines, sagging, sunspots, scarring, acne scars, or stretch marks? Look no further than Secret RF, the revolutionary treatment that addresses all these issues and more. [&hellip;]<\/p>\n","protected":false},"author":27,"featured_media":0,"parent":2393,"menu_order":0,"comment_status":"closed","ping_status":"closed","template":"","meta":{"footnotes":""},"class_list":["post-2494","page","type-page","status-publish","hentry"],"_links":{"self":[{"href":"https:\/\/medkithealthinstitute.com\/es\/wp-json\/wp\/v2\/pages\/2494","targetHints":{"allow":["GET"]}}],"collection":[{"href":"https:\/\/medkithealthinstitute.com\/es\/wp-json\/wp\/v2\/pages"}],"about":[{"href":"https:\/\/medkithealthinstitute.com\/es\/wp-json\/wp\/v2\/types\/page"}],"author":[{"embeddable":true,"href":"https:\/\/medkithealthinstitute.com\/es\/wp-json\/wp\/v2\/users\/27"}],"replies":[{"embeddable":true,"href":"https:\/\/medkithealthinstitute.com\/es\/wp-json\/wp\/v2\/comments?post=2494"}],"version-history":[{"count":19,"href":"https:\/\/medkithealthinstitute.com\/es\/wp-json\/wp\/v2\/pages\/2494\/revisions"}],"predecessor-version":[{"id":3195,"href":"https:\/\/medkithealthinstitute.com\/es\/wp-json\/wp\/v2\/pages\/2494\/revisions\/3195"}],"up":[{"embeddable":true,"href":"https:\/\/medkithealthinstitute.com\/es\/wp-json\/wp\/v2\/pages\/2393"}],"wp:attachment":[{"href":"https:\/\/medkithealthinstitute.com\/es\/wp-json\/wp\/v2\/media?parent=2494"}],"curies":[{"name":"wp","href":"https:\/\/api.w.org\/{rel}","templated":true}]}}