{"id":2502,"date":"2023-06-19T19:19:15","date_gmt":"2023-06-19T19:19:15","guid":{"rendered":"http:\/\/medkithealth-aesthetics.com\/?page_id=2502"},"modified":"2024-02-26T21:09:31","modified_gmt":"2024-02-26T21:09:31","slug":"laser-skin-treatments","status":"publish","type":"page","link":"https:\/\/medkithealthinstitute.com\/es\/services\/laser-skin-treatments\/","title":{"rendered":"Laser-Based Skin Treatments"},"content":{"rendered":"<div data-elementor-type=\"wp-page\" data-elementor-id=\"2502\" class=\"elementor elementor-2502\">\n\t\t\t\t\t\t<section class=\"elementor-section elementor-top-section elementor-element elementor-element-134a257 elementor-section-boxed elementor-section-height-default elementor-section-height-default\" data-id=\"134a257\" data-element_type=\"section\" data-e-type=\"section\">\r\n\t\t\r\n\t\t\t\t\t\t\t<div class=\"elementor-container elementor-column-gap-default\">\r\n\t\t\t\t\t\t\t\t\t\t\t<div class=\"elementor-column elementor-col-100 elementor-top-column elementor-element elementor-element-2da1d32\" data-id=\"2da1d32\" data-element_type=\"column\" data-e-type=\"column\">\r\n\t\t\t\t\t<div class=\"elementor-widget-wrap elementor-element-populated\">\r\n\t\t\t\t\t\t\t\t<div class=\"elementor-element elementor-element-08fb8a0 elementor-widget elementor-widget-spacer\" data-id=\"08fb8a0\" data-element_type=\"widget\" data-e-type=\"widget\" data-widget_type=\"spacer.default\">\n\t\t\t\t<div class=\"elementor-widget-container\">\n\t\t\t\t\t\t\t<div class=\"elementor-spacer\">\n\t\t\t<div class=\"elementor-spacer-inner\"><\/div>\n\t\t<\/div>\n\t\t\t\t\t\t<\/div>\n\t\t\t\t<\/div>\n\t\t\t\t\t<\/div>\r\n\t\t\t\t<\/div>\r\n\t\t\t\t\t<\/div>\r\n\t\t\t\t<\/section>\r\n\t\t\t\t<section class=\"elementor-section elementor-top-section elementor-element elementor-element-8a41474 m-t-sm m-b-lg elementor-section-full_width elementor-section-height-default elementor-section-height-default\" data-id=\"8a41474\" data-element_type=\"section\" data-e-type=\"section\">\r\n\t\t\r\n\t\t\t\t\t\t\t<div class=\"elementor-container elementor-column-gap-default\">\r\n\t\t\t\t\t\t\t\t\t\t\t<div class=\"elementor-column elementor-col-50 elementor-top-column elementor-element elementor-element-5da89f0\" data-id=\"5da89f0\" data-element_type=\"column\" data-e-type=\"column\">\r\n\t\t\t\t\t<div class=\"elementor-widget-wrap elementor-element-populated\">\r\n\t\t\t\t\t\t\t\t<div class=\"elementor-element elementor-element-a9799a2 elementor-widget elementor-widget-heading\" data-id=\"a9799a2\" data-element_type=\"widget\" data-e-type=\"widget\" data-widget_type=\"heading.default\">\n\t\t\t\t<div class=\"elementor-widget-container\">\n\t\t\t\t\t<h2 class=\"elementor-heading-title elementor-size-default\">Tratamiento de la piel con l\u00e1ser en Pompano Beach<\/h2>\t\t\t\t<\/div>\n\t\t\t\t<\/div>\n\t\t\t\t<div class=\"elementor-element elementor-element-c1b9e90 mb-4 elementor-widget-divider--view-line elementor-widget elementor-widget-divider\" data-id=\"c1b9e90\" data-element_type=\"widget\" data-e-type=\"widget\" data-widget_type=\"divider.default\">\n\t\t\t\t<div class=\"elementor-widget-container\">\n\t\t\t\t\t\t\t<div class=\"elementor-divider\">\n\t\t\t<span class=\"elementor-divider-separator\">\n\t\t\t\t\t\t<\/span>\n\t\t<\/div>\n\t\t\t\t\t\t<\/div>\n\t\t\t\t<\/div>\n\t\t\t\t<div class=\"elementor-element elementor-element-790122a elementor-widget elementor-widget-text-editor\" data-id=\"790122a\" data-element_type=\"widget\" data-e-type=\"widget\" data-widget_type=\"text-editor.default\">\n\t\t\t\t<div class=\"elementor-widget-container\">\n\t\t\t\t\t\t\t\t\t<p><b>Transforme su piel con nuestros tratamientos l\u00e1ser: CO2, IPL y 1064 NdYAG<\/b><span style=\"font-weight: 400;\"><br \/><\/span><\/p><p><span style=\"font-weight: 400;\">En nuestro Medspa, ofrecemos una variedad de tratamientos con l\u00e1ser que pueden ayudar a rejuvenecer y transformar su piel. Nuestros t\u00e9cnicos expertos utilizan la \u00faltima tecnolog\u00eda para brindar resultados seguros y efectivos, personalizados para satisfacer sus necesidades \u00fanicas.<\/span><\/p><p><span style=\"font-weight: 400;\">El tratamiento con l\u00e1ser de CO2 es una opci\u00f3n popular para quienes buscan una apariencia m\u00e1s juvenil. Este tratamiento puede reducir la aparici\u00f3n de l\u00edneas finas, arrugas y da\u00f1o solar al estimular la producci\u00f3n de col\u00e1geno y promover la renovaci\u00f3n de las c\u00e9lulas de la piel. El tratamiento con l\u00e1ser de CO2 tambi\u00e9n se puede utilizar para mejorar la textura y el tono de la piel, lo que da como resultado una piel m\u00e1s suave y radiante.<\/span><\/p><p><b>IPL (luz pulsada intensa)<\/b><span style=\"font-weight: 400;\"> El tratamiento es otro tratamiento con l\u00e1ser eficaz que puede abordar una variedad de problemas de la piel. Este tratamiento puede reducir la apariencia del da\u00f1o solar, las manchas de la edad y la hiperpigmentaci\u00f3n, al mismo tiempo que mejora la textura de la piel y reduce el tama\u00f1o de los poros. El tratamiento con IPL tambi\u00e9n puede estimular la producci\u00f3n de col\u00e1geno, lo que da como resultado una piel m\u00e1s firme y suave.<\/span><\/p><p><span style=\"font-weight: 400;\">Finalmente, el <\/span><b>1064 NdYAG laser<\/b><span style=\"font-weight: 400;\"> El tratamiento es un tratamiento vers\u00e1til que se puede utilizar para abordar una variedad de problemas, incluidas las ara\u00f1as vasculares, la depilaci\u00f3n y el estiramiento de la piel. Este tratamiento con l\u00e1ser es seguro y eficaz y se dirige a \u00e1reas espec\u00edficas de inter\u00e9s sin da\u00f1ar el tejido circundante.<\/span><\/p><p><span style=\"font-weight: 400;\">Nuestros tratamientos con l\u00e1ser son seguros, m\u00ednimamente invasivos y requieren poco o ning\u00fan tiempo de inactividad. Nuestros t\u00e9cnicos expertos trabajar\u00e1n con usted para desarrollar un plan de tratamiento personalizado para abordar sus problemas espec\u00edficos de la piel y lograr los resultados deseados.<\/span><\/p><p><span style=\"font-weight: 400;\">Experimente el poder transformador de nuestros tratamientos con l\u00e1ser en nuestro Medspa. Cont\u00e1ctenos hoy para programar una consulta y obtener m\u00e1s informaci\u00f3n sobre c\u00f3mo podemos ayudarlo a lograr la piel que siempre ha deseado.<\/span><\/p>\t\t\t\t\t\t\t\t<\/div>\n\t\t\t\t<\/div>\n\t\t\t\t<div class=\"elementor-element elementor-element-5fe8d70 elementor-widget elementor-widget-heading\" data-id=\"5fe8d70\" data-element_type=\"widget\" data-e-type=\"widget\" data-widget_type=\"heading.default\">\n\t\t\t\t<div class=\"elementor-widget-container\">\n\t\t\t\t\t<h2 class=\"elementor-heading-title elementor-size-default\">Servicios Disponibles<\/h2>\t\t\t\t<\/div>\n\t\t\t\t<\/div>\n\t\t\t\t<div class=\"elementor-element elementor-element-077fabe elementor-widget elementor-widget-text-editor\" data-id=\"077fabe\" data-element_type=\"widget\" data-e-type=\"widget\" data-widget_type=\"text-editor.default\">\n\t\t\t\t<div class=\"elementor-widget-container\">\n\t\t\t\t\t\t\t\t\t<ul><li>Acne\/Rosacea\/Psoriasis-Small Area<\/li><li>Acne\/Rosacea\/Psoriasis-Medium Area<\/li><li>Acne\/Rosacea\/Psoriasis-Large Area<\/li><li>Co2 Laser-small area<\/li><li>Co2 Laser-medium area<\/li><li>Pigment Removal-Full Face<\/li><li>Pigment Removal-Medium Area<\/li><li>Pigment Removal-Small Area<\/li><li>Scar Removal-Small Area<\/li><li>Scar Removal-Medium Area<\/li><li>Scar Removal-Large Area<\/li><\/ul>\t\t\t\t\t\t\t\t<\/div>\n\t\t\t\t<\/div>\n\t\t\t\t<div class=\"elementor-element elementor-element-2a94979 elementor-widget elementor-widget-button\" data-id=\"2a94979\" data-element_type=\"widget\" data-e-type=\"widget\" data-widget_type=\"button.default\">\n\t\t\t\t<div class=\"elementor-widget-container\">\n\t\t\t\t\t\t\t\t\t<div class=\"elementor-button-wrapper\">\n\t\t\t\t\t<a class=\"elementor-button elementor-button-link elementor-size-lg\" href=\"https:\/\/web2.myaestheticspro.com\/booknow\/index.cfm?E15DB9D8BA1C58C194A42628E7C59021\" target=\"_blank\">\n\t\t\t\t\t\t<span class=\"elementor-button-content-wrapper\">\n\t\t\t\t\t\t\t\t\t<span class=\"elementor-button-text\">Reserve su consulta<\/span>\n\t\t\t\t\t<\/span>\n\t\t\t\t\t<\/a>\n\t\t\t\t<\/div>\n\t\t\t\t\t\t\t\t<\/div>\n\t\t\t\t<\/div>\n\t\t\t\t\t<\/div>\r\n\t\t\t\t<\/div>\r\n\t\t\t\t<div class=\"elementor-column elementor-col-50 elementor-top-column elementor-element elementor-element-26a5f24\" data-id=\"26a5f24\" data-element_type=\"column\" data-e-type=\"column\">\r\n\t\t\t\t\t<div class=\"elementor-widget-wrap elementor-element-populated\">\r\n\t\t\t\t\t\t\t\t<div class=\"elementor-element elementor-element-12c943e elementor-widget elementor-widget-image\" data-id=\"12c943e\" data-element_type=\"widget\" data-e-type=\"widget\" data-widget_type=\"image.default\">\n\t\t\t\t<div class=\"elementor-widget-container\">\n\t\t\t\t\t\t\t\t\t\t\t\t\t\t\t<img fetchpriority=\"high\" decoding=\"async\" width=\"640\" height=\"480\" src=\"https:\/\/medkithealthinstitute.com\/wp-content\/uploads\/2024\/02\/laser.jpg\" class=\"attachment-large size-large wp-image-3043\" alt=\"advatx skin care therapy\" srcset=\"https:\/\/medkithealthinstitute.com\/wp-content\/uploads\/2024\/02\/laser.jpg 640w, https:\/\/medkithealthinstitute.com\/wp-content\/uploads\/2024\/02\/laser-600x450.jpg 600w, https:\/\/medkithealthinstitute.com\/wp-content\/uploads\/2024\/02\/laser-463x348.jpg 463w, https:\/\/medkithealthinstitute.com\/wp-content\/uploads\/2024\/02\/laser-400x300.jpg 400w\" sizes=\"(max-width: 640px) 100vw, 640px\" \/>\t\t\t\t\t\t\t\t\t\t\t\t\t\t\t<\/div>\n\t\t\t\t<\/div>\n\t\t\t\t\t<\/div>\r\n\t\t\t\t<\/div>\r\n\t\t\t\t\t<\/div>\r\n\t\t\t\t<\/section>\r\n\t\t\t\t<section class=\"elementor-section elementor-top-section elementor-element elementor-element-570324b elementor-section-boxed elementor-section-height-default elementor-section-height-default\" data-id=\"570324b\" data-element_type=\"section\" data-e-type=\"section\">\r\n\t\t\r\n\t\t\t\t\t\t\t<div class=\"elementor-container elementor-column-gap-default\">\r\n\t\t\t\t\t\t\t\t\t\t\t<div class=\"elementor-column elementor-col-100 elementor-top-column elementor-element elementor-element-492f166\" data-id=\"492f166\" data-element_type=\"column\" data-e-type=\"column\">\r\n\t\t\t\t\t<div class=\"elementor-widget-wrap elementor-element-populated\">\r\n\t\t\t\t\t\t\t\t<div class=\"elementor-element elementor-element-2abf826 elementor-widget elementor-widget-heading\" data-id=\"2abf826\" data-element_type=\"widget\" data-e-type=\"widget\" data-widget_type=\"heading.default\">\n\t\t\t\t<div class=\"elementor-widget-container\">\n\t\t\t\t\t<h1 class=\"elementor-heading-title elementor-size-default\">FAQS<\/h1>\t\t\t\t<\/div>\n\t\t\t\t<\/div>\n\t\t\t\t<div class=\"elementor-element elementor-element-82a95dc elementor-widget elementor-widget-accordion\" data-id=\"82a95dc\" data-element_type=\"widget\" data-e-type=\"widget\" data-widget_type=\"accordion.default\">\n\t\t\t\t<div class=\"elementor-widget-container\">\n\t\t\t\t\t\t\t<div class=\"elementor-accordion\">\n\t\t\t\t\t\t\t<div class=\"elementor-accordion-item\">\n\t\t\t\t\t<div id=\"elementor-tab-title-1371\" class=\"elementor-tab-title\" data-tab=\"1\" role=\"button\" aria-controls=\"elementor-tab-content-1371\" aria-expanded=\"false\">\n\t\t\t\t\t\t\t\t\t\t\t\t\t<span class=\"elementor-accordion-icon elementor-accordion-icon-left\" aria-hidden=\"true\">\n\t\t\t\t\t\t\t\t\t\t\t\t\t\t\t<span class=\"elementor-accordion-icon-closed\"><i class=\"fas fa-plus\"><\/i><\/span>\n\t\t\t\t\t\t\t\t<span class=\"elementor-accordion-icon-opened\"><i class=\"fas fa-minus\"><\/i><\/span>\n\t\t\t\t\t\t\t\t\t\t\t\t\t\t<\/span>\n\t\t\t\t\t\t\t\t\t\t\t\t<a class=\"elementor-accordion-title\" tabindex=\"0\">\u00bfQu\u00e9 es el rejuvenecimiento de la piel con l\u00e1ser?<\/a>\n\t\t\t\t\t<\/div>\n\t\t\t\t\t<div id=\"elementor-tab-content-1371\" class=\"elementor-tab-content elementor-clearfix\" data-tab=\"1\" role=\"region\" aria-labelledby=\"elementor-tab-title-1371\"><p>El rejuvenecimiento de la piel con l\u00e1ser implica el uso de tecnolog\u00eda l\u00e1ser avanzada para abordar problemas espec\u00edficos de la piel, como arrugas, cicatrices de acn\u00e9, irregularidades de pigmentaci\u00f3n y tono desigual de la piel. La energ\u00eda del l\u00e1ser estimula la producci\u00f3n de col\u00e1geno, lo que da como resultado una piel m\u00e1s suave, firme y de apariencia m\u00e1s juvenil.<\/p><\/div>\n\t\t\t\t<\/div>\n\t\t\t\t\t\t\t<div class=\"elementor-accordion-item\">\n\t\t\t\t\t<div id=\"elementor-tab-title-1372\" class=\"elementor-tab-title\" data-tab=\"2\" role=\"button\" aria-controls=\"elementor-tab-content-1372\" aria-expanded=\"false\">\n\t\t\t\t\t\t\t\t\t\t\t\t\t<span class=\"elementor-accordion-icon elementor-accordion-icon-left\" aria-hidden=\"true\">\n\t\t\t\t\t\t\t\t\t\t\t\t\t\t\t<span class=\"elementor-accordion-icon-closed\"><i class=\"fas fa-plus\"><\/i><\/span>\n\t\t\t\t\t\t\t\t<span class=\"elementor-accordion-icon-opened\"><i class=\"fas fa-minus\"><\/i><\/span>\n\t\t\t\t\t\t\t\t\t\t\t\t\t\t<\/span>\n\t\t\t\t\t\t\t\t\t\t\t\t<a class=\"elementor-accordion-title\" tabindex=\"0\">\u00bfEs seguro el rejuvenecimiento cut\u00e1neo con l\u00e1ser?<\/a>\n\t\t\t\t\t<\/div>\n\t\t\t\t\t<div id=\"elementor-tab-content-1372\" class=\"elementor-tab-content elementor-clearfix\" data-tab=\"2\" role=\"region\" aria-labelledby=\"elementor-tab-title-1372\"><p>S\u00ed, el rejuvenecimiento de la piel con l\u00e1ser se considera seguro cuando lo realizan profesionales capacitados y con experiencia. Sin embargo, es fundamental someterse a una consulta exhaustiva para determinar el plan de tratamiento m\u00e1s adecuado seg\u00fan su tipo de piel, sus inquietudes y su historial m\u00e9dico. Cumplir con las instrucciones de cuidado antes y despu\u00e9s del tratamiento es crucial para obtener resultados y seguridad \u00f3ptimos.<\/p><\/div>\n\t\t\t\t<\/div>\n\t\t\t\t\t\t\t<div class=\"elementor-accordion-item\">\n\t\t\t\t\t<div id=\"elementor-tab-title-1373\" class=\"elementor-tab-title\" data-tab=\"3\" role=\"button\" aria-controls=\"elementor-tab-content-1373\" aria-expanded=\"false\">\n\t\t\t\t\t\t\t\t\t\t\t\t\t<span class=\"elementor-accordion-icon elementor-accordion-icon-left\" aria-hidden=\"true\">\n\t\t\t\t\t\t\t\t\t\t\t\t\t\t\t<span class=\"elementor-accordion-icon-closed\"><i class=\"fas fa-plus\"><\/i><\/span>\n\t\t\t\t\t\t\t\t<span class=\"elementor-accordion-icon-opened\"><i class=\"fas fa-minus\"><\/i><\/span>\n\t\t\t\t\t\t\t\t\t\t\t\t\t\t<\/span>\n\t\t\t\t\t\t\t\t\t\t\t\t<a class=\"elementor-accordion-title\" tabindex=\"0\">\u00bfQu\u00e9 puede tratar el rejuvenecimiento de piel con l\u00e1ser?<\/a>\n\t\t\t\t\t<\/div>\n\t\t\t\t\t<div id=\"elementor-tab-content-1373\" class=\"elementor-tab-content elementor-clearfix\" data-tab=\"3\" role=\"region\" aria-labelledby=\"elementor-tab-title-1373\"><p>El rejuvenecimiento de la piel con l\u00e1ser puede abordar una amplia gama de problemas de la piel, incluidas l\u00edneas finas y arrugas, da\u00f1o solar, manchas de la edad, cicatrices de acn\u00e9, poros dilatados, textura desigual de la piel y tez apagada. Adem\u00e1s, ciertos tratamientos con l\u00e1ser pueden apuntar a \u00e1reas espec\u00edficas del cuerpo, como la cara, el cuello, el pecho, las manos e incluso \u00e1reas sensibles como alrededor de los ojos.<\/p><\/div>\n\t\t\t\t<\/div>\n\t\t\t\t\t\t\t<div class=\"elementor-accordion-item\">\n\t\t\t\t\t<div id=\"elementor-tab-title-1374\" class=\"elementor-tab-title\" data-tab=\"4\" role=\"button\" aria-controls=\"elementor-tab-content-1374\" aria-expanded=\"false\">\n\t\t\t\t\t\t\t\t\t\t\t\t\t<span class=\"elementor-accordion-icon elementor-accordion-icon-left\" aria-hidden=\"true\">\n\t\t\t\t\t\t\t\t\t\t\t\t\t\t\t<span class=\"elementor-accordion-icon-closed\"><i class=\"fas fa-plus\"><\/i><\/span>\n\t\t\t\t\t\t\t\t<span class=\"elementor-accordion-icon-opened\"><i class=\"fas fa-minus\"><\/i><\/span>\n\t\t\t\t\t\t\t\t\t\t\t\t\t\t<\/span>\n\t\t\t\t\t\t\t\t\t\t\t\t<a class=\"elementor-accordion-title\" tabindex=\"0\">\u00bfQu\u00e9 debo esperar durante y despu\u00e9s de un tratamiento de rejuvenecimiento cut\u00e1neo con l\u00e1ser?<\/a>\n\t\t\t\t\t<\/div>\n\t\t\t\t\t<div id=\"elementor-tab-content-1374\" class=\"elementor-tab-content elementor-clearfix\" data-tab=\"4\" role=\"region\" aria-labelledby=\"elementor-tab-title-1374\"><p>Durante el tratamiento, es posible que experimente una leve sensaci\u00f3n de calor o una ligera sensaci\u00f3n de hormigueo a medida que se aplica la energ\u00eda del l\u00e1ser en la piel. Algunas personas lo describen como una sensaci\u00f3n como si una banda el\u00e1stica se rompiera contra la piel. Despu\u00e9s del procedimiento, es posible que note enrojecimiento temporal, hinchaz\u00f3n o una leve molestia, que generalmente desaparece en unas pocas horas o unos d\u00edas. Es esencial seguir las instrucciones de cuidados posteriores al tratamiento proporcionadas por su proveedor para garantizar una curaci\u00f3n adecuada y maximizar los resultados.<\/p><\/div>\n\t\t\t\t<\/div>\n\t\t\t\t\t\t\t\t<\/div>\n\t\t\t\t\t\t<\/div>\n\t\t\t\t<\/div>\n\t\t\t\t\t<\/div>\r\n\t\t\t\t<\/div>\r\n\t\t\t\t\t<\/div>\r\n\t\t\t\t<\/section>\r\n\t\t\t\t<section data-plugin-parallax=\"\" data-plugin-options=\"{&quot;speed&quot;: 1.7}\" class=\"elementor-section elementor-top-section elementor-element elementor-element-b5769b4 elementor-section-full_width elementor-section-height-default elementor-section-height-default\" data-id=\"b5769b4\" data-element_type=\"section\" data-e-type=\"section\" data-settings=\"{&quot;background_background&quot;:&quot;classic&quot;}\">\r\n\t\t\t\t\t\t<div class=\"elementor-background-overlay\"><\/div>\r\n\t\t\t\r\n\t\t\t\t\t\t\t<div class=\"elementor-container elementor-column-gap-default\">\r\n\t\t\t\t\t\t\t\t\t\t\t<div class=\"elementor-column elementor-col-100 elementor-top-column elementor-element elementor-element-f671317\" data-id=\"f671317\" data-element_type=\"column\" data-e-type=\"column\">\r\n\t\t\t\t\t<div class=\"elementor-widget-wrap elementor-element-populated\">\r\n\t\t\t\t\t\t\t\t<div class=\"elementor-element elementor-element-97a63da elementor-widget elementor-widget-heading\" data-id=\"97a63da\" data-element_type=\"widget\" data-e-type=\"widget\" data-widget_type=\"heading.default\">\n\t\t\t\t<div class=\"elementor-widget-container\">\n\t\t\t\t\t<h2 class=\"elementor-heading-title elementor-size-default\">\u00bfTIENES ALGUNA PREGUNTA?<\/h2>\t\t\t\t<\/div>\n\t\t\t\t<\/div>\n\t\t\t\t<div class=\"elementor-element elementor-element-49e59e5 elementor-widget elementor-widget-heading\" data-id=\"49e59e5\" data-element_type=\"widget\" data-e-type=\"widget\" data-widget_type=\"heading.default\">\n\t\t\t\t<div class=\"elementor-widget-container\">\n\t\t\t\t\t<h2 class=\"elementor-heading-title elementor-size-default\">Programe hoy su consulta gratuita sobre rejuvenecimiento de la piel con l\u00e1ser.<\/h2>\t\t\t\t<\/div>\n\t\t\t\t<\/div>\n\t\t\t\t<div class=\"elementor-element elementor-element-3ab099c elementor-align-center elementor-widget elementor-widget-button\" data-id=\"3ab099c\" data-element_type=\"widget\" data-e-type=\"widget\" data-widget_type=\"button.default\">\n\t\t\t\t<div class=\"elementor-widget-container\">\n\t\t\t\t\t\t\t\t\t<div class=\"elementor-button-wrapper\">\n\t\t\t\t\t<a class=\"elementor-button elementor-button-link elementor-size-sm\" href=\"https:\/\/medkithealthinstitute.com\/es\/contact-us\/\">\n\t\t\t\t\t\t<span class=\"elementor-button-content-wrapper\">\n\t\t\t\t\t\t\t\t\t<span class=\"elementor-button-text\">CONTACTENOS<\/span>\n\t\t\t\t\t<\/span>\n\t\t\t\t\t<\/a>\n\t\t\t\t<\/div>\n\t\t\t\t\t\t\t\t<\/div>\n\t\t\t\t<\/div>\n\t\t\t\t\t<\/div>\r\n\t\t\t\t<\/div>\r\n\t\t\t\t\t<\/div>\r\n\t\t\t\t<\/section>\r\n\t\t\t\t<\/div>","protected":false},"excerpt":{"rendered":"<p>Laser-Based Skin Treatment in Pompano Beach Transform Your Skin with Our Laser Treatments: CO2, IPL, and 1064 NdYAG At our Medspa, we offer a range of laser treatments that can help rejuvenate and transform your skin. Our expert technicians use the latest technology to deliver safe and effective results, customized to meet your unique needs. [&hellip;]<\/p>\n","protected":false},"author":27,"featured_media":0,"parent":2393,"menu_order":0,"comment_status":"closed","ping_status":"closed","template":"","meta":{"footnotes":""},"class_list":["post-2502","page","type-page","status-publish","hentry"],"_links":{"self":[{"href":"https:\/\/medkithealthinstitute.com\/es\/wp-json\/wp\/v2\/pages\/2502","targetHints":{"allow":["GET"]}}],"collection":[{"href":"https:\/\/medkithealthinstitute.com\/es\/wp-json\/wp\/v2\/pages"}],"about":[{"href":"https:\/\/medkithealthinstitute.com\/es\/wp-json\/wp\/v2\/types\/page"}],"author":[{"embeddable":true,"href":"https:\/\/medkithealthinstitute.com\/es\/wp-json\/wp\/v2\/users\/27"}],"replies":[{"embeddable":true,"href":"https:\/\/medkithealthinstitute.com\/es\/wp-json\/wp\/v2\/comments?post=2502"}],"version-history":[{"count":23,"href":"https:\/\/medkithealthinstitute.com\/es\/wp-json\/wp\/v2\/pages\/2502\/revisions"}],"predecessor-version":[{"id":3143,"href":"https:\/\/medkithealthinstitute.com\/es\/wp-json\/wp\/v2\/pages\/2502\/revisions\/3143"}],"up":[{"embeddable":true,"href":"https:\/\/medkithealthinstitute.com\/es\/wp-json\/wp\/v2\/pages\/2393"}],"wp:attachment":[{"href":"https:\/\/medkithealthinstitute.com\/es\/wp-json\/wp\/v2\/media?parent=2502"}],"curies":[{"name":"wp","href":"https:\/\/api.w.org\/{rel}","templated":true}]}}