{"id":2526,"date":"2023-06-19T19:23:29","date_gmt":"2023-06-19T19:23:29","guid":{"rendered":"http:\/\/medkithealth-aesthetics.com\/?page_id=2526"},"modified":"2024-02-27T14:52:39","modified_gmt":"2024-02-27T14:52:39","slug":"iv-therapy-pompano-beach","status":"publish","type":"page","link":"https:\/\/medkithealthinstitute.com\/es\/services\/iv-therapy-pompano-beach\/","title":{"rendered":"TERAPIA IV"},"content":{"rendered":"<div data-elementor-type=\"wp-page\" data-elementor-id=\"2526\" class=\"elementor elementor-2526\">\n\t\t\t\t\t\t<section class=\"elementor-section elementor-top-section elementor-element elementor-element-134a257 elementor-section-boxed elementor-section-height-default elementor-section-height-default\" data-id=\"134a257\" data-element_type=\"section\" data-e-type=\"section\">\r\n\t\t\r\n\t\t\t\t\t\t\t<div class=\"elementor-container elementor-column-gap-default\">\r\n\t\t\t\t\t\t\t\t\t\t\t<div class=\"elementor-column elementor-col-100 elementor-top-column elementor-element elementor-element-2da1d32\" data-id=\"2da1d32\" data-element_type=\"column\" data-e-type=\"column\">\r\n\t\t\t\t\t<div class=\"elementor-widget-wrap elementor-element-populated\">\r\n\t\t\t\t\t\t\t\t<div class=\"elementor-element elementor-element-08fb8a0 elementor-widget elementor-widget-spacer\" data-id=\"08fb8a0\" data-element_type=\"widget\" data-e-type=\"widget\" data-widget_type=\"spacer.default\">\n\t\t\t\t<div class=\"elementor-widget-container\">\n\t\t\t\t\t\t\t<div class=\"elementor-spacer\">\n\t\t\t<div class=\"elementor-spacer-inner\"><\/div>\n\t\t<\/div>\n\t\t\t\t\t\t<\/div>\n\t\t\t\t<\/div>\n\t\t\t\t\t<\/div>\r\n\t\t\t\t<\/div>\r\n\t\t\t\t\t<\/div>\r\n\t\t\t\t<\/section>\r\n\t\t\t\t<section class=\"elementor-section elementor-top-section elementor-element elementor-element-8a41474 m-t-sm m-b-lg elementor-section-full_width elementor-section-height-default elementor-section-height-default\" data-id=\"8a41474\" data-element_type=\"section\" data-e-type=\"section\">\r\n\t\t\r\n\t\t\t\t\t\t\t<div class=\"elementor-container elementor-column-gap-default\">\r\n\t\t\t\t\t\t\t\t\t\t\t<div class=\"elementor-column elementor-col-50 elementor-top-column elementor-element elementor-element-5da89f0\" data-id=\"5da89f0\" data-element_type=\"column\" data-e-type=\"column\">\r\n\t\t\t\t\t<div class=\"elementor-widget-wrap elementor-element-populated\">\r\n\t\t\t\t\t\t\t\t<div class=\"elementor-element elementor-element-a9799a2 elementor-widget elementor-widget-heading\" data-id=\"a9799a2\" data-element_type=\"widget\" data-e-type=\"widget\" data-widget_type=\"heading.default\">\n\t\t\t\t<div class=\"elementor-widget-container\">\n\t\t\t\t\t<h2 class=\"elementor-heading-title elementor-size-default\">TERAPIA IV<\/h2>\t\t\t\t<\/div>\n\t\t\t\t<\/div>\n\t\t\t\t<div class=\"elementor-element elementor-element-c1b9e90 mb-4 elementor-widget-divider--view-line elementor-widget elementor-widget-divider\" data-id=\"c1b9e90\" data-element_type=\"widget\" data-e-type=\"widget\" data-widget_type=\"divider.default\">\n\t\t\t\t<div class=\"elementor-widget-container\">\n\t\t\t\t\t\t\t<div class=\"elementor-divider\">\n\t\t\t<span class=\"elementor-divider-separator\">\n\t\t\t\t\t\t<\/span>\n\t\t<\/div>\n\t\t\t\t\t\t<\/div>\n\t\t\t\t<\/div>\n\t\t\t\t<div class=\"elementor-element elementor-element-790122a elementor-widget elementor-widget-text-editor\" data-id=\"790122a\" data-element_type=\"widget\" data-e-type=\"widget\" data-widget_type=\"text-editor.default\">\n\t\t\t\t<div class=\"elementor-widget-container\">\n\t\t\t\t\t\t\t\t\t<p><strong>Revitalice su cuerpo con terapia intravenosa en nuestro MedSpa de Pompano Beach<\/strong><\/p><p>La terapia intravenosa, o terapia intravenosa, ofrece un m\u00e9todo seguro y eficiente para reponer los nutrientes esenciales directamente en el torrente sangu\u00edneo. Utilizada originalmente en hospitales para pacientes gravemente enfermos, la terapia intravenosa ha evolucionado hasta convertirse en una opci\u00f3n de bienestar hol\u00edstico que ahora est\u00e1 disponible en spas m\u00e9dicos como el nuestro.<\/p><p>Lo que distingue a la terapia intravenosa es su absorci\u00f3n inmediata de nutrientes, proporcionando el m\u00e1ximo beneficio. En Medkit Aesthetics, ofrecemos formulaciones de terapia intravenosa personalizadas que comprenden vitaminas, minerales, antioxidantes y amino\u00e1cidos para estimular la inmunidad, elevar los niveles de energ\u00eda y combatir la fatiga.<\/p><p>Entre nuestras opciones populares de terapia intravenosa se encuentra el c\u00f3ctel Myers, una mezcla de vitaminas B, magnesio y vitamina C, conocida por estimular la inmunidad, aumentar la energ\u00eda y reducir los niveles de estr\u00e9s. Adem\u00e1s, nuestro glutati\u00f3n IV, un potente antioxidante, desintoxica el cuerpo, mejora la luminosidad de la piel y promueve la salud general de la piel.<\/p><p>Beneficiosas para atletas, profesionales y quienes se recuperan de enfermedades, las sesiones de terapia intravenosa suelen durar entre 30 minutos y una hora. Los riesgos son m\u00ednimos y los posibles efectos secundarios, como hinchaz\u00f3n leve o hematomas en el lugar de la inyecci\u00f3n, son raros.<\/p><p>El cuidado posterior es sencillo y le permite reanudar sus actividades habituales de inmediato. Nuestros t\u00e9cnicos expertos priorizan la atenci\u00f3n personalizada y elaboran planes de terapia intravenosa personalizados para satisfacer sus necesidades. \u00a1Cont\u00e1ctenos hoy para explorar los beneficios transformadores de la terapia intravenosa!<\/p>\t\t\t\t\t\t\t\t<\/div>\n\t\t\t\t<\/div>\n\t\t\t\t<div class=\"elementor-element elementor-element-0134609 elementor-widget elementor-widget-button\" data-id=\"0134609\" data-element_type=\"widget\" data-e-type=\"widget\" data-widget_type=\"button.default\">\n\t\t\t\t<div class=\"elementor-widget-container\">\n\t\t\t\t\t\t\t\t\t<div class=\"elementor-button-wrapper\">\n\t\t\t\t\t<a class=\"elementor-button elementor-button-link elementor-size-sm\" href=\"https:\/\/medkithealthinstitute.com\/es\/contact-us\/\">\n\t\t\t\t\t\t<span class=\"elementor-button-content-wrapper\">\n\t\t\t\t\t\t\t\t\t<span class=\"elementor-button-text\">Contactenos sobre este servicio<\/span>\n\t\t\t\t\t<\/span>\n\t\t\t\t\t<\/a>\n\t\t\t\t<\/div>\n\t\t\t\t\t\t\t\t<\/div>\n\t\t\t\t<\/div>\n\t\t\t\t\t<\/div>\r\n\t\t\t\t<\/div>\r\n\t\t\t\t<div class=\"elementor-column elementor-col-50 elementor-top-column elementor-element elementor-element-26a5f24\" data-id=\"26a5f24\" data-element_type=\"column\" data-e-type=\"column\">\r\n\t\t\t\t\t<div class=\"elementor-widget-wrap elementor-element-populated\">\r\n\t\t\t\t\t\t\t\t<div class=\"elementor-element elementor-element-12c943e elementor-widget elementor-widget-image\" data-id=\"12c943e\" data-element_type=\"widget\" data-e-type=\"widget\" data-widget_type=\"image.default\">\n\t\t\t\t<div class=\"elementor-widget-container\">\n\t\t\t\t\t\t\t\t\t\t\t\t\t\t\t<img fetchpriority=\"high\" decoding=\"async\" width=\"640\" height=\"480\" src=\"https:\/\/medkithealthinstitute.com\/wp-content\/uploads\/2023\/08\/IV-THERAPY.jpg\" class=\"attachment-large size-large wp-image-2704\" alt=\"\" srcset=\"https:\/\/medkithealthinstitute.com\/wp-content\/uploads\/2023\/08\/IV-THERAPY.jpg 640w, https:\/\/medkithealthinstitute.com\/wp-content\/uploads\/2023\/08\/IV-THERAPY-600x450.jpg 600w, https:\/\/medkithealthinstitute.com\/wp-content\/uploads\/2023\/08\/IV-THERAPY-463x348.jpg 463w, https:\/\/medkithealthinstitute.com\/wp-content\/uploads\/2023\/08\/IV-THERAPY-400x300.jpg 400w\" sizes=\"(max-width: 640px) 100vw, 640px\" \/>\t\t\t\t\t\t\t\t\t\t\t\t\t\t\t<\/div>\n\t\t\t\t<\/div>\n\t\t\t\t\t<\/div>\r\n\t\t\t\t<\/div>\r\n\t\t\t\t\t<\/div>\r\n\t\t\t\t<\/section>\r\n\t\t\t\t<section class=\"elementor-section elementor-top-section elementor-element elementor-element-b47c8df elementor-section-boxed elementor-section-height-default elementor-section-height-default\" data-id=\"b47c8df\" data-element_type=\"section\" data-e-type=\"section\">\r\n\t\t\r\n\t\t\t\t\t\t\t<div class=\"elementor-container elementor-column-gap-default\">\r\n\t\t\t\t\t\t\t\t\t\t\t<div class=\"elementor-column elementor-col-100 elementor-top-column elementor-element elementor-element-3effde0\" data-id=\"3effde0\" data-element_type=\"column\" data-e-type=\"column\">\r\n\t\t\t\t\t<div class=\"elementor-widget-wrap elementor-element-populated\">\r\n\t\t\t\t\t\t\t\t<div class=\"elementor-element elementor-element-4111a19 elementor-widget elementor-widget-heading\" data-id=\"4111a19\" data-element_type=\"widget\" data-e-type=\"widget\" data-widget_type=\"heading.default\">\n\t\t\t\t<div class=\"elementor-widget-container\">\n\t\t\t\t\t<h1 class=\"elementor-heading-title elementor-size-default\">FAQS<\/h1>\t\t\t\t<\/div>\n\t\t\t\t<\/div>\n\t\t\t\t<div class=\"elementor-element elementor-element-944575c elementor-widget elementor-widget-accordion\" data-id=\"944575c\" data-element_type=\"widget\" data-e-type=\"widget\" data-widget_type=\"accordion.default\">\n\t\t\t\t<div class=\"elementor-widget-container\">\n\t\t\t\t\t\t\t<div class=\"elementor-accordion\">\n\t\t\t\t\t\t\t<div class=\"elementor-accordion-item\">\n\t\t\t\t\t<div id=\"elementor-tab-title-1551\" class=\"elementor-tab-title\" data-tab=\"1\" role=\"button\" aria-controls=\"elementor-tab-content-1551\" aria-expanded=\"false\">\n\t\t\t\t\t\t\t\t\t\t\t\t\t<span class=\"elementor-accordion-icon elementor-accordion-icon-left\" aria-hidden=\"true\">\n\t\t\t\t\t\t\t\t\t\t\t\t\t\t\t<span class=\"elementor-accordion-icon-closed\"><i class=\"fas fa-plus\"><\/i><\/span>\n\t\t\t\t\t\t\t\t<span class=\"elementor-accordion-icon-opened\"><i class=\"fas fa-minus\"><\/i><\/span>\n\t\t\t\t\t\t\t\t\t\t\t\t\t\t<\/span>\n\t\t\t\t\t\t\t\t\t\t\t\t<a class=\"elementor-accordion-title\" tabindex=\"0\">\u00bfQu\u00e9 es la terapia intravenosa y c\u00f3mo funciona?<\/a>\n\t\t\t\t\t<\/div>\n\t\t\t\t\t<div id=\"elementor-tab-content-1551\" class=\"elementor-tab-content elementor-clearfix\" data-tab=\"1\" role=\"region\" aria-labelledby=\"elementor-tab-title-1551\"><p>La terapia intravenosa, o terapia intravenosa, implica administrar nutrientes esenciales directamente al torrente sangu\u00edneo mediante una inyecci\u00f3n. Este m\u00e9todo asegura la absorci\u00f3n inmediata de nutrientes, proporcionando el m\u00e1ximo beneficio al organismo.<\/p><\/div>\n\t\t\t\t<\/div>\n\t\t\t\t\t\t\t<div class=\"elementor-accordion-item\">\n\t\t\t\t\t<div id=\"elementor-tab-title-1552\" class=\"elementor-tab-title\" data-tab=\"2\" role=\"button\" aria-controls=\"elementor-tab-content-1552\" aria-expanded=\"false\">\n\t\t\t\t\t\t\t\t\t\t\t\t\t<span class=\"elementor-accordion-icon elementor-accordion-icon-left\" aria-hidden=\"true\">\n\t\t\t\t\t\t\t\t\t\t\t\t\t\t\t<span class=\"elementor-accordion-icon-closed\"><i class=\"fas fa-plus\"><\/i><\/span>\n\t\t\t\t\t\t\t\t<span class=\"elementor-accordion-icon-opened\"><i class=\"fas fa-minus\"><\/i><\/span>\n\t\t\t\t\t\t\t\t\t\t\t\t\t\t<\/span>\n\t\t\t\t\t\t\t\t\t\t\t\t<a class=\"elementor-accordion-title\" tabindex=\"0\">\u00bfCu\u00e1les son los beneficios de la terapia intravenosa?<\/a>\n\t\t\t\t\t<\/div>\n\t\t\t\t\t<div id=\"elementor-tab-content-1552\" class=\"elementor-tab-content elementor-clearfix\" data-tab=\"2\" role=\"region\" aria-labelledby=\"elementor-tab-title-1552\"><p>La terapia intravenosa ofrece numerosos beneficios, que incluyen aumentar la inmunidad, aumentar los niveles de energ\u00eda, combatir la fatiga, mejorar la salud y la luminosidad de la piel y reducir los niveles de estr\u00e9s.<\/p><\/div>\n\t\t\t\t<\/div>\n\t\t\t\t\t\t\t<div class=\"elementor-accordion-item\">\n\t\t\t\t\t<div id=\"elementor-tab-title-1553\" class=\"elementor-tab-title\" data-tab=\"3\" role=\"button\" aria-controls=\"elementor-tab-content-1553\" aria-expanded=\"false\">\n\t\t\t\t\t\t\t\t\t\t\t\t\t<span class=\"elementor-accordion-icon elementor-accordion-icon-left\" aria-hidden=\"true\">\n\t\t\t\t\t\t\t\t\t\t\t\t\t\t\t<span class=\"elementor-accordion-icon-closed\"><i class=\"fas fa-plus\"><\/i><\/span>\n\t\t\t\t\t\t\t\t<span class=\"elementor-accordion-icon-opened\"><i class=\"fas fa-minus\"><\/i><\/span>\n\t\t\t\t\t\t\t\t\t\t\t\t\t\t<\/span>\n\t\t\t\t\t\t\t\t\t\t\t\t<a class=\"elementor-accordion-title\" tabindex=\"0\">\u00bfQu\u00e9 tipos de formulaciones de terapia intravenosa se ofrecen en Medkit Aesthetics?<\/a>\n\t\t\t\t\t<\/div>\n\t\t\t\t\t<div id=\"elementor-tab-content-1553\" class=\"elementor-tab-content elementor-clearfix\" data-tab=\"3\" role=\"region\" aria-labelledby=\"elementor-tab-title-1553\"><p>En Medkit Aesthetics, ofrecemos una variedad de formulaciones de terapia intravenosa dise\u00f1adas para satisfacer las necesidades individuales. Estas formulaciones incluyen vitaminas, minerales, antioxidantes, amino\u00e1cidos y mezclas espec\u00edficas como el c\u00f3ctel Myers y el glutati\u00f3n IV.<\/p><\/div>\n\t\t\t\t<\/div>\n\t\t\t\t\t\t\t<div class=\"elementor-accordion-item\">\n\t\t\t\t\t<div id=\"elementor-tab-title-1554\" class=\"elementor-tab-title\" data-tab=\"4\" role=\"button\" aria-controls=\"elementor-tab-content-1554\" aria-expanded=\"false\">\n\t\t\t\t\t\t\t\t\t\t\t\t\t<span class=\"elementor-accordion-icon elementor-accordion-icon-left\" aria-hidden=\"true\">\n\t\t\t\t\t\t\t\t\t\t\t\t\t\t\t<span class=\"elementor-accordion-icon-closed\"><i class=\"fas fa-plus\"><\/i><\/span>\n\t\t\t\t\t\t\t\t<span class=\"elementor-accordion-icon-opened\"><i class=\"fas fa-minus\"><\/i><\/span>\n\t\t\t\t\t\t\t\t\t\t\t\t\t\t<\/span>\n\t\t\t\t\t\t\t\t\t\t\t\t<a class=\"elementor-accordion-title\" tabindex=\"0\">\u00bfQui\u00e9n puede beneficiarse de la terapia intravenosa?<\/a>\n\t\t\t\t\t<\/div>\n\t\t\t\t\t<div id=\"elementor-tab-content-1554\" class=\"elementor-tab-content elementor-clearfix\" data-tab=\"4\" role=\"region\" aria-labelledby=\"elementor-tab-title-1554\"><p>La terapia intravenosa es beneficiosa para una amplia gama de personas, incluidos atletas, profesionales ocupados, quienes se recuperan de enfermedades y cualquiera que busque mejorar su bienestar y vitalidad general.<\/p><\/div>\n\t\t\t\t<\/div>\n\t\t\t\t\t\t\t<div class=\"elementor-accordion-item\">\n\t\t\t\t\t<div id=\"elementor-tab-title-1555\" class=\"elementor-tab-title\" data-tab=\"5\" role=\"button\" aria-controls=\"elementor-tab-content-1555\" aria-expanded=\"false\">\n\t\t\t\t\t\t\t\t\t\t\t\t\t<span class=\"elementor-accordion-icon elementor-accordion-icon-left\" aria-hidden=\"true\">\n\t\t\t\t\t\t\t\t\t\t\t\t\t\t\t<span class=\"elementor-accordion-icon-closed\"><i class=\"fas fa-plus\"><\/i><\/span>\n\t\t\t\t\t\t\t\t<span class=\"elementor-accordion-icon-opened\"><i class=\"fas fa-minus\"><\/i><\/span>\n\t\t\t\t\t\t\t\t\t\t\t\t\t\t<\/span>\n\t\t\t\t\t\t\t\t\t\t\t\t<a class=\"elementor-accordion-title\" tabindex=\"0\">\u00bfCu\u00e1les son los posibles efectos secundarios o riesgos asociados con la terapia intravenosa?<\/a>\n\t\t\t\t\t<\/div>\n\t\t\t\t\t<div id=\"elementor-tab-content-1555\" class=\"elementor-tab-content elementor-clearfix\" data-tab=\"5\" role=\"region\" aria-labelledby=\"elementor-tab-title-1555\"><p>Si bien son poco comunes, los posibles efectos secundarios de la terapia intravenosa pueden incluir hinchaz\u00f3n leve o hematomas en el lugar de la inyecci\u00f3n o reacciones al\u00e9rgicas a cualquiera de los ingredientes utilizados. Nuestros t\u00e9cnicos experimentados priorizan la seguridad y se asegurar\u00e1n de que usted est\u00e9 bien informado y se sienta c\u00f3modo durante todo el proceso de tratamiento.<\/p><\/div>\n\t\t\t\t<\/div>\n\t\t\t\t\t\t\t\t<\/div>\n\t\t\t\t\t\t<\/div>\n\t\t\t\t<\/div>\n\t\t\t\t\t<\/div>\r\n\t\t\t\t<\/div>\r\n\t\t\t\t\t<\/div>\r\n\t\t\t\t<\/section>\r\n\t\t\t\t<section data-plugin-parallax=\"\" data-plugin-options=\"{&quot;speed&quot;: 1.7}\" class=\"elementor-section elementor-top-section elementor-element elementor-element-ed9dce2 elementor-section-full_width elementor-section-height-default elementor-section-height-default\" data-id=\"ed9dce2\" data-element_type=\"section\" data-e-type=\"section\" data-settings=\"{&quot;background_background&quot;:&quot;classic&quot;}\">\r\n\t\t\t\t\t\t<div class=\"elementor-background-overlay\"><\/div>\r\n\t\t\t\r\n\t\t\t\t\t\t\t<div class=\"elementor-container elementor-column-gap-default\">\r\n\t\t\t\t\t\t\t\t\t\t\t<div class=\"elementor-column elementor-col-100 elementor-top-column elementor-element elementor-element-b0b51b5\" data-id=\"b0b51b5\" data-element_type=\"column\" data-e-type=\"column\">\r\n\t\t\t\t\t<div class=\"elementor-widget-wrap elementor-element-populated\">\r\n\t\t\t\t\t\t\t\t<div class=\"elementor-element elementor-element-d1dfa51 elementor-widget elementor-widget-heading\" data-id=\"d1dfa51\" data-element_type=\"widget\" data-e-type=\"widget\" data-widget_type=\"heading.default\">\n\t\t\t\t<div class=\"elementor-widget-container\">\n\t\t\t\t\t<h2 class=\"elementor-heading-title elementor-size-default\">\u00bfTIENES ALGUNA PREGUNTA?<\/h2>\t\t\t\t<\/div>\n\t\t\t\t<\/div>\n\t\t\t\t<div class=\"elementor-element elementor-element-c38d9f4 elementor-widget elementor-widget-heading\" data-id=\"c38d9f4\" data-element_type=\"widget\" data-e-type=\"widget\" data-widget_type=\"heading.default\">\n\t\t\t\t<div class=\"elementor-widget-container\">\n\t\t\t\t\t<h2 class=\"elementor-heading-title elementor-size-default\">Programe su consulta de terapia intravenosa hoy.<\/h2>\t\t\t\t<\/div>\n\t\t\t\t<\/div>\n\t\t\t\t<div class=\"elementor-element elementor-element-53141e8 elementor-align-center elementor-widget elementor-widget-button\" data-id=\"53141e8\" data-element_type=\"widget\" data-e-type=\"widget\" data-widget_type=\"button.default\">\n\t\t\t\t<div class=\"elementor-widget-container\">\n\t\t\t\t\t\t\t\t\t<div class=\"elementor-button-wrapper\">\n\t\t\t\t\t<a class=\"elementor-button elementor-button-link elementor-size-sm\" href=\"https:\/\/medkithealthinstitute.com\/es\/contact-us\/\">\n\t\t\t\t\t\t<span class=\"elementor-button-content-wrapper\">\n\t\t\t\t\t\t\t\t\t<span class=\"elementor-button-text\">CONTACTENOS<\/span>\n\t\t\t\t\t<\/span>\n\t\t\t\t\t<\/a>\n\t\t\t\t<\/div>\n\t\t\t\t\t\t\t\t<\/div>\n\t\t\t\t<\/div>\n\t\t\t\t\t<\/div>\r\n\t\t\t\t<\/div>\r\n\t\t\t\t\t<\/div>\r\n\t\t\t\t<\/section>\r\n\t\t\t\t<\/div>","protected":false},"excerpt":{"rendered":"<p>IV THERAPY Revitalize Your Body with IV Therapy at Our Pompano Beach MedSpa IV therapy, or intravenous therapy, offers a safe and efficient method to replenish essential nutrients directly into your bloodstream. Originally used in hospitals for severely ill patients, IV therapy has evolved into a holistic wellness option now available at medical spas like [&hellip;]<\/p>\n","protected":false},"author":27,"featured_media":0,"parent":2393,"menu_order":0,"comment_status":"closed","ping_status":"closed","template":"","meta":{"footnotes":""},"class_list":["post-2526","page","type-page","status-publish","hentry"],"_links":{"self":[{"href":"https:\/\/medkithealthinstitute.com\/es\/wp-json\/wp\/v2\/pages\/2526","targetHints":{"allow":["GET"]}}],"collection":[{"href":"https:\/\/medkithealthinstitute.com\/es\/wp-json\/wp\/v2\/pages"}],"about":[{"href":"https:\/\/medkithealthinstitute.com\/es\/wp-json\/wp\/v2\/types\/page"}],"author":[{"embeddable":true,"href":"https:\/\/medkithealthinstitute.com\/es\/wp-json\/wp\/v2\/users\/27"}],"replies":[{"embeddable":true,"href":"https:\/\/medkithealthinstitute.com\/es\/wp-json\/wp\/v2\/comments?post=2526"}],"version-history":[{"count":19,"href":"https:\/\/medkithealthinstitute.com\/es\/wp-json\/wp\/v2\/pages\/2526\/revisions"}],"predecessor-version":[{"id":3272,"href":"https:\/\/medkithealthinstitute.com\/es\/wp-json\/wp\/v2\/pages\/2526\/revisions\/3272"}],"up":[{"embeddable":true,"href":"https:\/\/medkithealthinstitute.com\/es\/wp-json\/wp\/v2\/pages\/2393"}],"wp:attachment":[{"href":"https:\/\/medkithealthinstitute.com\/es\/wp-json\/wp\/v2\/media?parent=2526"}],"curies":[{"name":"wp","href":"https:\/\/api.w.org\/{rel}","templated":true}]}}