{"id":2543,"date":"2023-06-19T19:28:55","date_gmt":"2023-06-19T19:28:55","guid":{"rendered":"http:\/\/medkithealth-aesthetics.com\/?page_id=2543"},"modified":"2024-02-26T21:51:14","modified_gmt":"2024-02-26T21:51:14","slug":"personalized-medical-weight-loss-and-nutrition","status":"publish","type":"page","link":"https:\/\/medkithealthinstitute.com\/es\/services\/personalized-medical-weight-loss-and-nutrition\/","title":{"rendered":"PERSONALIZED WEIGHT LOSS AND NUTRITION"},"content":{"rendered":"<div data-elementor-type=\"wp-page\" data-elementor-id=\"2543\" class=\"elementor elementor-2543\">\n\t\t\t\t\t\t<section class=\"elementor-section elementor-top-section elementor-element elementor-element-134a257 elementor-section-boxed elementor-section-height-default elementor-section-height-default\" data-id=\"134a257\" data-element_type=\"section\" data-e-type=\"section\">\r\n\t\t\r\n\t\t\t\t\t\t\t<div class=\"elementor-container elementor-column-gap-default\">\r\n\t\t\t\t\t\t\t\t\t\t\t<div class=\"elementor-column elementor-col-100 elementor-top-column elementor-element elementor-element-2da1d32\" data-id=\"2da1d32\" data-element_type=\"column\" data-e-type=\"column\">\r\n\t\t\t\t\t<div class=\"elementor-widget-wrap elementor-element-populated\">\r\n\t\t\t\t\t\t\t\t<div class=\"elementor-element elementor-element-08fb8a0 elementor-widget elementor-widget-spacer\" data-id=\"08fb8a0\" data-element_type=\"widget\" data-e-type=\"widget\" data-widget_type=\"spacer.default\">\n\t\t\t\t<div class=\"elementor-widget-container\">\n\t\t\t\t\t\t\t<div class=\"elementor-spacer\">\n\t\t\t<div class=\"elementor-spacer-inner\"><\/div>\n\t\t<\/div>\n\t\t\t\t\t\t<\/div>\n\t\t\t\t<\/div>\n\t\t\t\t\t<\/div>\r\n\t\t\t\t<\/div>\r\n\t\t\t\t\t<\/div>\r\n\t\t\t\t<\/section>\r\n\t\t\t\t<section class=\"elementor-section elementor-top-section elementor-element elementor-element-8a41474 m-t-sm m-b-lg elementor-section-full_width elementor-section-height-default elementor-section-height-default\" data-id=\"8a41474\" data-element_type=\"section\" data-e-type=\"section\">\r\n\t\t\r\n\t\t\t\t\t\t\t<div class=\"elementor-container elementor-column-gap-default\">\r\n\t\t\t\t\t\t\t\t\t\t\t<div class=\"elementor-column elementor-col-50 elementor-top-column elementor-element elementor-element-5da89f0\" data-id=\"5da89f0\" data-element_type=\"column\" data-e-type=\"column\">\r\n\t\t\t\t\t<div class=\"elementor-widget-wrap elementor-element-populated\">\r\n\t\t\t\t\t\t\t\t<div class=\"elementor-element elementor-element-a9799a2 elementor-widget elementor-widget-heading\" data-id=\"a9799a2\" data-element_type=\"widget\" data-e-type=\"widget\" data-widget_type=\"heading.default\">\n\t\t\t\t<div class=\"elementor-widget-container\">\n\t\t\t\t\t<h1 class=\"elementor-heading-title elementor-size-default\">P\u00e9rdida de peso y nutrici\u00f3n m\u00e9dica personalizada en Pompano Beach<\/h1>\t\t\t\t<\/div>\n\t\t\t\t<\/div>\n\t\t\t\t<div class=\"elementor-element elementor-element-c1b9e90 mb-4 elementor-widget-divider--view-line elementor-widget elementor-widget-divider\" data-id=\"c1b9e90\" data-element_type=\"widget\" data-e-type=\"widget\" data-widget_type=\"divider.default\">\n\t\t\t\t<div class=\"elementor-widget-container\">\n\t\t\t\t\t\t\t<div class=\"elementor-divider\">\n\t\t\t<span class=\"elementor-divider-separator\">\n\t\t\t\t\t\t<\/span>\n\t\t<\/div>\n\t\t\t\t\t\t<\/div>\n\t\t\t\t<\/div>\n\t\t\t\t<div class=\"elementor-element elementor-element-790122a elementor-widget elementor-widget-text-editor\" data-id=\"790122a\" data-element_type=\"widget\" data-e-type=\"widget\" data-widget_type=\"text-editor.default\">\n\t\t\t\t<div class=\"elementor-widget-container\">\n\t\t\t\t\t\t\t\t\t<p><b>Programas de nutrici\u00f3n y p\u00e9rdida de peso: c\u00f3mo las inyecciones de SEMAGLUTIDA y B12 pueden ayudarle a alcanzar sus objetivos<\/b><\/p><p><span style=\"font-weight: 400;\">\u00bfEst\u00e1 buscando alcanzar sus objetivos de p\u00e9rdida de peso de una manera segura y eficaz? Considere los programas m\u00e9dicos de nutrici\u00f3n y p\u00e9rdida de peso que se ofrecen en nuestro MEDKIT AESTHETICS. Nuestros t\u00e9cnicos expertos brindan planes personalizados que se adaptan a sus necesidades \u00fanicas, incorporando t\u00e9cnicas como recomendaciones de dieta y ejercicio, suplementos vitam\u00ednicos y medicamentos aprobados por la FDA.<\/span><\/p><p><span style=\"font-weight: 400;\">Un medicamento que se ha mostrado muy prometedor para ayudar a perder peso es la semaglutida. Recientemente aprobada por la FDA, la semaglutida es un medicamento inyectable una vez a la semana que ayuda a regular los niveles de az\u00facar en sangre y reducir el apetito. Este medicamento puede ayudarle a perder peso de forma r\u00e1pida y segura, al mismo tiempo que mejora su salud general.<\/span><\/p><p><span style=\"font-weight: 400;\">Las inyecciones de B12 son otra opci\u00f3n popular para quienes buscan perder peso por motivos m\u00e9dicos. La vitamina B12 desempe\u00f1a un papel fundamental en la producci\u00f3n de energ\u00eda y el metabolismo, lo que la convierte en un nutriente esencial para la p\u00e9rdida de peso y el bienestar general. Las inyecciones de B12 pueden ayudar a estimular su metabolismo, aumentar los niveles de energ\u00eda y acelerar el proceso de quema de grasa.<\/span><\/p><p><span style=\"font-weight: 400;\">Para aprovechar al m\u00e1ximo su experiencia en medspa, es importante seguir cuidadosamente las instrucciones del programa y realizar cambios saludables en su estilo de vida. Esto incluye seguir una dieta saludable y hacer ejercicio con regularidad, as\u00ed como tomar los suplementos o medicamentos recomendados.<\/span><\/p><p><span style=\"font-weight: 400;\">Si bien tanto las inyecciones de semaglutida como las de B12 son generalmente seguras y efectivas, puede haber algunos riesgos potenciales asociados con su uso. Nuestros t\u00e9cnicos experimentados le brindar\u00e1n instrucciones claras sobre c\u00f3mo usarlos de manera segura y monitorear\u00e1n su progreso durante todo el programa para garantizar que obtenga los resultados que desea.<\/span><\/p><p><span style=\"font-weight: 400;\">En MEDKIT AESTHETICS, ofrecemos una variedad de programas m\u00e9dicos de nutrici\u00f3n y p\u00e9rdida de peso para satisfacer sus necesidades \u00fanicas. Nuestros t\u00e9cnicos experimentados trabajar\u00e1n con usted para desarrollar un plan personalizado adaptado a sus objetivos y expectativas.<\/span><\/p><p><span style=\"font-weight: 400;\">Lograr sus objetivos de p\u00e9rdida de peso no tiene por qu\u00e9 ser una lucha. Cont\u00e1ctenos hoy para obtener m\u00e1s informaci\u00f3n sobre nuestros programas m\u00e9dicos de nutrici\u00f3n y p\u00e9rdida de peso, y d\u00e9 el primer paso hacia una vida m\u00e1s saludable y feliz.<\/span><\/p>\t\t\t\t\t\t\t\t<\/div>\n\t\t\t\t<\/div>\n\t\t\t\t<div class=\"elementor-element elementor-element-b720c38 elementor-widget elementor-widget-heading\" data-id=\"b720c38\" data-element_type=\"widget\" data-e-type=\"widget\" data-widget_type=\"heading.default\">\n\t\t\t\t<div class=\"elementor-widget-container\">\n\t\t\t\t\t<h2 class=\"elementor-heading-title elementor-size-default\">Servicios Disponibles<\/h2>\t\t\t\t<\/div>\n\t\t\t\t<\/div>\n\t\t\t\t<div class=\"elementor-element elementor-element-82cb94c elementor-widget elementor-widget-text-editor\" data-id=\"82cb94c\" data-element_type=\"widget\" data-e-type=\"widget\" data-widget_type=\"text-editor.default\">\n\t\t\t\t<div class=\"elementor-widget-container\">\n\t\t\t\t\t\t\t\t\t<ul><li>B12 Injections<\/li><li>MIC Injections<\/li><li>Package of 3 B12<\/li><li>Phentermine Rx<\/li><li>Semiglutide 0.25\/0.5MG<\/li><li>Semiglutide 1MG+<\/li><li>Add Tirzepatide<\/li><\/ul>\t\t\t\t\t\t\t\t<\/div>\n\t\t\t\t<\/div>\n\t\t\t\t<div class=\"elementor-element elementor-element-bf5c99b elementor-widget elementor-widget-button\" data-id=\"bf5c99b\" data-element_type=\"widget\" data-e-type=\"widget\" data-widget_type=\"button.default\">\n\t\t\t\t<div class=\"elementor-widget-container\">\n\t\t\t\t\t\t\t\t\t<div class=\"elementor-button-wrapper\">\n\t\t\t\t\t<a class=\"elementor-button elementor-button-link elementor-size-lg\" href=\"https:\/\/web2.myaestheticspro.com\/booknow\/index.cfm?E15DB9D8BA1C58C194A42628E7C59021\" target=\"_blank\">\n\t\t\t\t\t\t<span class=\"elementor-button-content-wrapper\">\n\t\t\t\t\t\t\t\t\t<span class=\"elementor-button-text\">Reserve su consulta<\/span>\n\t\t\t\t\t<\/span>\n\t\t\t\t\t<\/a>\n\t\t\t\t<\/div>\n\t\t\t\t\t\t\t\t<\/div>\n\t\t\t\t<\/div>\n\t\t\t\t\t<\/div>\r\n\t\t\t\t<\/div>\r\n\t\t\t\t<div class=\"elementor-column elementor-col-50 elementor-top-column elementor-element elementor-element-26a5f24\" data-id=\"26a5f24\" data-element_type=\"column\" data-e-type=\"column\">\r\n\t\t\t\t\t<div class=\"elementor-widget-wrap elementor-element-populated\">\r\n\t\t\t\t\t\t\t\t<div class=\"elementor-element elementor-element-12c943e elementor-widget elementor-widget-image\" data-id=\"12c943e\" data-element_type=\"widget\" data-e-type=\"widget\" data-widget_type=\"image.default\">\n\t\t\t\t<div class=\"elementor-widget-container\">\n\t\t\t\t\t\t\t\t\t\t\t\t\t\t\t<img fetchpriority=\"high\" decoding=\"async\" width=\"640\" height=\"480\" src=\"https:\/\/medkithealthinstitute.com\/wp-content\/uploads\/2023\/12\/weight-loss2.jpg\" class=\"attachment-large size-large wp-image-2927\" alt=\"medical weight loss\" srcset=\"https:\/\/medkithealthinstitute.com\/wp-content\/uploads\/2023\/12\/weight-loss2.jpg 640w, https:\/\/medkithealthinstitute.com\/wp-content\/uploads\/2023\/12\/weight-loss2-600x450.jpg 600w, https:\/\/medkithealthinstitute.com\/wp-content\/uploads\/2023\/12\/weight-loss2-463x348.jpg 463w, https:\/\/medkithealthinstitute.com\/wp-content\/uploads\/2023\/12\/weight-loss2-400x300.jpg 400w\" sizes=\"(max-width: 640px) 100vw, 640px\" \/>\t\t\t\t\t\t\t\t\t\t\t\t\t\t\t<\/div>\n\t\t\t\t<\/div>\n\t\t\t\t\t<\/div>\r\n\t\t\t\t<\/div>\r\n\t\t\t\t\t<\/div>\r\n\t\t\t\t<\/section>\r\n\t\t\t\t<section class=\"elementor-section elementor-top-section elementor-element elementor-element-aed0782 elementor-section-boxed elementor-section-height-default elementor-section-height-default\" data-id=\"aed0782\" data-element_type=\"section\" data-e-type=\"section\">\r\n\t\t\r\n\t\t\t\t\t\t\t<div class=\"elementor-container elementor-column-gap-default\">\r\n\t\t\t\t\t\t\t\t\t\t\t<div class=\"elementor-column elementor-col-100 elementor-top-column elementor-element elementor-element-4eef203\" data-id=\"4eef203\" data-element_type=\"column\" data-e-type=\"column\">\r\n\t\t\t\t\t<div class=\"elementor-widget-wrap elementor-element-populated\">\r\n\t\t\t\t\t\t\t\t<div class=\"elementor-element elementor-element-fb028e3 elementor-widget elementor-widget-heading\" data-id=\"fb028e3\" data-element_type=\"widget\" data-e-type=\"widget\" data-widget_type=\"heading.default\">\n\t\t\t\t<div class=\"elementor-widget-container\">\n\t\t\t\t\t<h1 class=\"elementor-heading-title elementor-size-default\">FAQS<\/h1>\t\t\t\t<\/div>\n\t\t\t\t<\/div>\n\t\t\t\t<div class=\"elementor-element elementor-element-7f0e2f9 elementor-widget elementor-widget-accordion\" data-id=\"7f0e2f9\" data-element_type=\"widget\" data-e-type=\"widget\" data-widget_type=\"accordion.default\">\n\t\t\t\t<div class=\"elementor-widget-container\">\n\t\t\t\t\t\t\t<div class=\"elementor-accordion\">\n\t\t\t\t\t\t\t<div class=\"elementor-accordion-item\">\n\t\t\t\t\t<div id=\"elementor-tab-title-1331\" class=\"elementor-tab-title\" data-tab=\"1\" role=\"button\" aria-controls=\"elementor-tab-content-1331\" aria-expanded=\"false\">\n\t\t\t\t\t\t\t\t\t\t\t\t\t<span class=\"elementor-accordion-icon elementor-accordion-icon-left\" aria-hidden=\"true\">\n\t\t\t\t\t\t\t\t\t\t\t\t\t\t\t<span class=\"elementor-accordion-icon-closed\"><i class=\"fas fa-plus\"><\/i><\/span>\n\t\t\t\t\t\t\t\t<span class=\"elementor-accordion-icon-opened\"><i class=\"fas fa-minus\"><\/i><\/span>\n\t\t\t\t\t\t\t\t\t\t\t\t\t\t<\/span>\n\t\t\t\t\t\t\t\t\t\t\t\t<a class=\"elementor-accordion-title\" tabindex=\"0\">\u00bfQu\u00e9 es la semaglutida y c\u00f3mo ayuda a perder peso?<\/a>\n\t\t\t\t\t<\/div>\n\t\t\t\t\t<div id=\"elementor-tab-content-1331\" class=\"elementor-tab-content elementor-clearfix\" data-tab=\"1\" role=\"region\" aria-labelledby=\"elementor-tab-title-1331\"><p>La semaglutida es un medicamento inyectable una vez a la semana aprobado por la FDA que ayuda a regular los niveles de az\u00facar en sangre y reducir el apetito. Ayuda a perder peso al ayudar a las personas a perder peso de forma r\u00e1pida y segura y, al mismo tiempo, mejorar la salud general.<\/p><\/div>\n\t\t\t\t<\/div>\n\t\t\t\t\t\t\t<div class=\"elementor-accordion-item\">\n\t\t\t\t\t<div id=\"elementor-tab-title-1332\" class=\"elementor-tab-title\" data-tab=\"2\" role=\"button\" aria-controls=\"elementor-tab-content-1332\" aria-expanded=\"false\">\n\t\t\t\t\t\t\t\t\t\t\t\t\t<span class=\"elementor-accordion-icon elementor-accordion-icon-left\" aria-hidden=\"true\">\n\t\t\t\t\t\t\t\t\t\t\t\t\t\t\t<span class=\"elementor-accordion-icon-closed\"><i class=\"fas fa-plus\"><\/i><\/span>\n\t\t\t\t\t\t\t\t<span class=\"elementor-accordion-icon-opened\"><i class=\"fas fa-minus\"><\/i><\/span>\n\t\t\t\t\t\t\t\t\t\t\t\t\t\t<\/span>\n\t\t\t\t\t\t\t\t\t\t\t\t<a class=\"elementor-accordion-title\" tabindex=\"0\">\u00bfCu\u00e1les son los beneficios de las inyecciones de B12 para bajar de peso?<\/a>\n\t\t\t\t\t<\/div>\n\t\t\t\t\t<div id=\"elementor-tab-content-1332\" class=\"elementor-tab-content elementor-clearfix\" data-tab=\"2\" role=\"region\" aria-labelledby=\"elementor-tab-title-1332\"><p>Las inyecciones de B12 desempe\u00f1an un papel fundamental en la producci\u00f3n de energ\u00eda y el metabolismo, lo que las hace esenciales para la p\u00e9rdida de peso y el bienestar general. Pueden estimular el metabolismo, aumentar los niveles de energ\u00eda y acelerar el proceso de quema de grasa, lo que contribuye a una p\u00e9rdida de peso exitosa.<\/p><\/div>\n\t\t\t\t<\/div>\n\t\t\t\t\t\t\t<div class=\"elementor-accordion-item\">\n\t\t\t\t\t<div id=\"elementor-tab-title-1333\" class=\"elementor-tab-title\" data-tab=\"3\" role=\"button\" aria-controls=\"elementor-tab-content-1333\" aria-expanded=\"false\">\n\t\t\t\t\t\t\t\t\t\t\t\t\t<span class=\"elementor-accordion-icon elementor-accordion-icon-left\" aria-hidden=\"true\">\n\t\t\t\t\t\t\t\t\t\t\t\t\t\t\t<span class=\"elementor-accordion-icon-closed\"><i class=\"fas fa-plus\"><\/i><\/span>\n\t\t\t\t\t\t\t\t<span class=\"elementor-accordion-icon-opened\"><i class=\"fas fa-minus\"><\/i><\/span>\n\t\t\t\t\t\t\t\t\t\t\t\t\t\t<\/span>\n\t\t\t\t\t\t\t\t\t\t\t\t<a class=\"elementor-accordion-title\" tabindex=\"0\">\u00bfQu\u00e9 cambios en el estilo de vida debo hacer para maximizar la efectividad del programa de p\u00e9rdida de peso?<\/a>\n\t\t\t\t\t<\/div>\n\t\t\t\t\t<div id=\"elementor-tab-content-1333\" class=\"elementor-tab-content elementor-clearfix\" data-tab=\"3\" role=\"region\" aria-labelledby=\"elementor-tab-title-1333\"><p>Para optimizar los resultados del programa de p\u00e9rdida de peso, es fundamental seguir una dieta saludable, hacer ejercicio con regularidad y seguir los suplementos o medicamentos recomendados. Hacer cambios saludables en el estilo de vida puede mejorar la eficacia del programa y respaldar el control del peso a largo plazo.<\/p><\/div>\n\t\t\t\t<\/div>\n\t\t\t\t\t\t\t<div class=\"elementor-accordion-item\">\n\t\t\t\t\t<div id=\"elementor-tab-title-1334\" class=\"elementor-tab-title\" data-tab=\"4\" role=\"button\" aria-controls=\"elementor-tab-content-1334\" aria-expanded=\"false\">\n\t\t\t\t\t\t\t\t\t\t\t\t\t<span class=\"elementor-accordion-icon elementor-accordion-icon-left\" aria-hidden=\"true\">\n\t\t\t\t\t\t\t\t\t\t\t\t\t\t\t<span class=\"elementor-accordion-icon-closed\"><i class=\"fas fa-plus\"><\/i><\/span>\n\t\t\t\t\t\t\t\t<span class=\"elementor-accordion-icon-opened\"><i class=\"fas fa-minus\"><\/i><\/span>\n\t\t\t\t\t\t\t\t\t\t\t\t\t\t<\/span>\n\t\t\t\t\t\t\t\t\t\t\t\t<a class=\"elementor-accordion-title\" tabindex=\"0\">\u00bfExiste alg\u00fan riesgo potencial asociado con las inyecciones de semaglutida y B12?<\/a>\n\t\t\t\t\t<\/div>\n\t\t\t\t\t<div id=\"elementor-tab-content-1334\" class=\"elementor-tab-content elementor-clearfix\" data-tab=\"4\" role=\"region\" aria-labelledby=\"elementor-tab-title-1334\"><p>Si bien las inyecciones de semaglutida y B12 son generalmente seguras y efectivas, puede haber algunos riesgos potenciales asociados con su uso. Es importante seguir cuidadosamente las instrucciones del programa y trabajar en estrecha colaboraci\u00f3n con t\u00e9cnicos experimentados que puedan brindarle orientaci\u00f3n sobre el uso seguro y monitorear su progreso a lo largo del programa.<\/p><\/div>\n\t\t\t\t<\/div>\n\t\t\t\t\t\t\t\t<\/div>\n\t\t\t\t\t\t<\/div>\n\t\t\t\t<\/div>\n\t\t\t\t\t<\/div>\r\n\t\t\t\t<\/div>\r\n\t\t\t\t\t<\/div>\r\n\t\t\t\t<\/section>\r\n\t\t\t\t<section data-plugin-parallax=\"\" data-plugin-options=\"{&quot;speed&quot;: 1.7}\" class=\"elementor-section elementor-top-section elementor-element elementor-element-9f85c69 elementor-section-full_width elementor-section-height-default elementor-section-height-default\" data-id=\"9f85c69\" data-element_type=\"section\" data-e-type=\"section\" data-settings=\"{&quot;background_background&quot;:&quot;classic&quot;}\">\r\n\t\t\t\t\t\t<div class=\"elementor-background-overlay\"><\/div>\r\n\t\t\t\r\n\t\t\t\t\t\t\t<div class=\"elementor-container elementor-column-gap-default\">\r\n\t\t\t\t\t\t\t\t\t\t\t<div class=\"elementor-column elementor-col-100 elementor-top-column elementor-element elementor-element-58cde16\" data-id=\"58cde16\" data-element_type=\"column\" data-e-type=\"column\">\r\n\t\t\t\t\t<div class=\"elementor-widget-wrap elementor-element-populated\">\r\n\t\t\t\t\t\t\t\t<div class=\"elementor-element elementor-element-d9c9ac3 elementor-widget elementor-widget-heading\" data-id=\"d9c9ac3\" data-element_type=\"widget\" data-e-type=\"widget\" data-widget_type=\"heading.default\">\n\t\t\t\t<div class=\"elementor-widget-container\">\n\t\t\t\t\t<h2 class=\"elementor-heading-title elementor-size-default\">\u00bfTIENES ALGUNA PREGUNTA?<\/h2>\t\t\t\t<\/div>\n\t\t\t\t<\/div>\n\t\t\t\t<div class=\"elementor-element elementor-element-ad645a5 elementor-widget elementor-widget-heading\" data-id=\"ad645a5\" data-element_type=\"widget\" data-e-type=\"widget\" data-widget_type=\"heading.default\">\n\t\t\t\t<div class=\"elementor-widget-container\">\n\t\t\t\t\t<h2 class=\"elementor-heading-title elementor-size-default\">Programe su consulta m\u00e9dica gratuita para bajar de peso hoy.<\/h2>\t\t\t\t<\/div>\n\t\t\t\t<\/div>\n\t\t\t\t<div class=\"elementor-element elementor-element-371efe8 elementor-align-center elementor-widget elementor-widget-button\" data-id=\"371efe8\" data-element_type=\"widget\" data-e-type=\"widget\" data-widget_type=\"button.default\">\n\t\t\t\t<div class=\"elementor-widget-container\">\n\t\t\t\t\t\t\t\t\t<div class=\"elementor-button-wrapper\">\n\t\t\t\t\t<a class=\"elementor-button elementor-button-link elementor-size-sm\" href=\"https:\/\/medkithealthinstitute.com\/es\/contact-us\/\">\n\t\t\t\t\t\t<span class=\"elementor-button-content-wrapper\">\n\t\t\t\t\t\t\t\t\t<span class=\"elementor-button-text\">CONTACTENOS<\/span>\n\t\t\t\t\t<\/span>\n\t\t\t\t\t<\/a>\n\t\t\t\t<\/div>\n\t\t\t\t\t\t\t\t<\/div>\n\t\t\t\t<\/div>\n\t\t\t\t\t<\/div>\r\n\t\t\t\t<\/div>\r\n\t\t\t\t\t<\/div>\r\n\t\t\t\t<\/section>\r\n\t\t\t\t<\/div>","protected":false},"excerpt":{"rendered":"<p>Personalized Medical Weight Loss and Nutrition in Pompano Beach Weight Loss and Nutrition Programs: How SEMAGLUTIDE and B12 Shots Can Help You Achieve Your Goals Are you looking to achieve your weight loss goals in a safe and effective way? Consider medical weight loss and nutrition programs offered at our MEDKIT AESTHETICS. Our expert technicians [&hellip;]<\/p>\n","protected":false},"author":27,"featured_media":0,"parent":2393,"menu_order":0,"comment_status":"closed","ping_status":"closed","template":"","meta":{"footnotes":""},"class_list":["post-2543","page","type-page","status-publish","hentry"],"_links":{"self":[{"href":"https:\/\/medkithealthinstitute.com\/es\/wp-json\/wp\/v2\/pages\/2543","targetHints":{"allow":["GET"]}}],"collection":[{"href":"https:\/\/medkithealthinstitute.com\/es\/wp-json\/wp\/v2\/pages"}],"about":[{"href":"https:\/\/medkithealthinstitute.com\/es\/wp-json\/wp\/v2\/types\/page"}],"author":[{"embeddable":true,"href":"https:\/\/medkithealthinstitute.com\/es\/wp-json\/wp\/v2\/users\/27"}],"replies":[{"embeddable":true,"href":"https:\/\/medkithealthinstitute.com\/es\/wp-json\/wp\/v2\/comments?post=2543"}],"version-history":[{"count":22,"href":"https:\/\/medkithealthinstitute.com\/es\/wp-json\/wp\/v2\/pages\/2543\/revisions"}],"predecessor-version":[{"id":3180,"href":"https:\/\/medkithealthinstitute.com\/es\/wp-json\/wp\/v2\/pages\/2543\/revisions\/3180"}],"up":[{"embeddable":true,"href":"https:\/\/medkithealthinstitute.com\/es\/wp-json\/wp\/v2\/pages\/2393"}],"wp:attachment":[{"href":"https:\/\/medkithealthinstitute.com\/es\/wp-json\/wp\/v2\/media?parent=2543"}],"curies":[{"name":"wp","href":"https:\/\/api.w.org\/{rel}","templated":true}]}}