{"id":2627,"date":"2023-06-28T20:37:59","date_gmt":"2023-06-28T20:37:59","guid":{"rendered":"http:\/\/medkithealth-aesthetics.com\/?page_id=2627"},"modified":"2025-08-12T10:17:11","modified_gmt":"2025-08-12T10:17:11","slug":"sexual-health-enhancement","status":"publish","type":"page","link":"https:\/\/medkithealthinstitute.com\/es\/services\/sexual-health-enhancement\/","title":{"rendered":"MEJORA DE LA SALUD SEXUAL"},"content":{"rendered":"<div data-elementor-type=\"wp-page\" data-elementor-id=\"2627\" class=\"elementor elementor-2627\">\n\t\t\t\t\t\t<section class=\"elementor-section elementor-top-section elementor-element elementor-element-134a257 elementor-section-boxed elementor-section-height-default elementor-section-height-default\" data-id=\"134a257\" data-element_type=\"section\" data-e-type=\"section\">\r\n\t\t\r\n\t\t\t\t\t\t\t<div class=\"elementor-container elementor-column-gap-default\">\r\n\t\t\t\t\t\t\t\t\t\t\t<div class=\"elementor-column elementor-col-100 elementor-top-column elementor-element elementor-element-2da1d32\" data-id=\"2da1d32\" data-element_type=\"column\" data-e-type=\"column\">\r\n\t\t\t\t\t<div class=\"elementor-widget-wrap elementor-element-populated\">\r\n\t\t\t\t\t\t\t\t<div class=\"elementor-element elementor-element-08fb8a0 elementor-widget elementor-widget-spacer\" data-id=\"08fb8a0\" data-element_type=\"widget\" data-e-type=\"widget\" data-widget_type=\"spacer.default\">\n\t\t\t\t<div class=\"elementor-widget-container\">\n\t\t\t\t\t\t\t<div class=\"elementor-spacer\">\n\t\t\t<div class=\"elementor-spacer-inner\"><\/div>\n\t\t<\/div>\n\t\t\t\t\t\t<\/div>\n\t\t\t\t<\/div>\n\t\t\t\t\t<\/div>\r\n\t\t\t\t<\/div>\r\n\t\t\t\t\t<\/div>\r\n\t\t\t\t<\/section>\r\n\t\t\t\t<section class=\"elementor-section elementor-top-section elementor-element elementor-element-8a41474 m-t-sm m-b-lg elementor-section-full_width elementor-section-height-default elementor-section-height-default\" data-id=\"8a41474\" data-element_type=\"section\" data-e-type=\"section\">\r\n\t\t\r\n\t\t\t\t\t\t\t<div class=\"elementor-container elementor-column-gap-default\">\r\n\t\t\t\t\t\t\t\t\t\t\t<div class=\"elementor-column elementor-col-50 elementor-top-column elementor-element elementor-element-5da89f0\" data-id=\"5da89f0\" data-element_type=\"column\" data-e-type=\"column\">\r\n\t\t\t\t\t<div class=\"elementor-widget-wrap elementor-element-populated\">\r\n\t\t\t\t\t\t\t\t<div class=\"elementor-element elementor-element-a9799a2 elementor-widget elementor-widget-heading\" data-id=\"a9799a2\" data-element_type=\"widget\" data-e-type=\"widget\" data-widget_type=\"heading.default\">\n\t\t\t\t<div class=\"elementor-widget-container\">\n\t\t\t\t\t<h2 class=\"elementor-heading-title elementor-size-default\">MEJORA DE LA SALUD SEXUAL<\/h2>\t\t\t\t<\/div>\n\t\t\t\t<\/div>\n\t\t\t\t<div class=\"elementor-element elementor-element-c1b9e90 mb-4 elementor-widget-divider--view-line elementor-widget elementor-widget-divider\" data-id=\"c1b9e90\" data-element_type=\"widget\" data-e-type=\"widget\" data-widget_type=\"divider.default\">\n\t\t\t\t<div class=\"elementor-widget-container\">\n\t\t\t\t\t\t\t<div class=\"elementor-divider\">\n\t\t\t<span class=\"elementor-divider-separator\">\n\t\t\t\t\t\t<\/span>\n\t\t<\/div>\n\t\t\t\t\t\t<\/div>\n\t\t\t\t<\/div>\n\t\t\t\t<div class=\"elementor-element elementor-element-790122a elementor-widget elementor-widget-text-editor\" data-id=\"790122a\" data-element_type=\"widget\" data-e-type=\"widget\" data-widget_type=\"text-editor.default\">\n\t\t\t\t<div class=\"elementor-widget-container\">\n\t\t\t\t\t\t\t\t\t<p><b>Soluciones para mejorar el bienestar sexual y abordar inquietudes relacionadas\u00a0<\/b><\/p><p><span style=\"font-weight: 400;\">En MedKit Health &amp; Aesthetics, entendemos que la salud y el bienestar sexual es un aspecto esencial del bienestar general. Es por eso que ofrecemos una gama de servicios de mejora sexual dise\u00f1ados para ayudar a nuestros clientes a sentirse m\u00e1s seguros, c\u00f3modos y satisfechos con sus experiencias \u00edntimas.<\/span><\/p><p><span style=\"font-weight: 400;\">Servicios: Nuestros servicios de mejora sexual incluyen una gama de productos que son seguros, efectivos y est\u00e1n dise\u00f1ados para satisfacer las necesidades \u00fanicas de cada cliente. Nuestro equipo experimentado utiliza solo productos aprobados por la FDA de la m\u00e1s alta calidad para garantizar los mejores resultados posibles.<\/span><\/p><p><span style=\"font-weight: 400;\">Beneficios: Nuestros servicios de mejora sexual brindan una variedad de beneficios, que incluyen mayor sensibilidad, mayor placer, mejor desempe\u00f1o sexual, mayor lubricaci\u00f3n y m\u00e1s. Estos beneficios pueden ayudar a nuestros clientes a sentirse m\u00e1s seguros y realizados en sus experiencias \u00edntimas, mejorando su calidad de vida en general.<\/span><\/p><p><span style=\"font-weight: 400;\">C\u00f3mo funcionan: Cada producto funciona de una manera \u00fanica, pero nuestro personal le brindar\u00e1 instrucciones detalladas para garantizar el uso m\u00e1s efectivo de cada producto. Tomamos todas las precauciones para garantizar la seguridad de nuestros clientes, incluida la realizaci\u00f3n de consultas exhaustivas y el seguimiento del progreso de cada tratamiento.<\/span><\/p><p><span style=\"font-weight: 400;\">Confidencialidad y profesionalismo: entendemos que los servicios de mejora sexual pueden ser un tema delicado para algunos clientes. Por eso priorizamos la creaci\u00f3n de un ambiente acogedor y confidencial para todos los clientes. Nuestro personal es profesional, compasivo y siempre prioriza la comodidad y privacidad del cliente.<\/span><\/p><p><span style=\"font-weight: 400;\">En nuestro MedSpa, adoptamos un enfoque \u00fanico para los servicios de mejora sexual. Nuestro personal est\u00e1 altamente capacitado y tiene experiencia en brindar estos servicios, asegurando que nuestros clientes reciban la mejor atenci\u00f3n posible. Adem\u00e1s, ofrecemos una variedad de otros servicios MedSpa, lo que permite a nuestros clientes abordar m\u00faltiples inquietudes en un solo lugar.<\/span><\/p><p><span style=\"font-weight: 400;\">En nuestro MedSpa, creemos en ayudar a nuestros clientes a sentirse seguros, c\u00f3modos y satisfechos en sus experiencias \u00edntimas. Con nuestra gama de servicios de mejora sexual, podemos ayudarle a alcanzar sus objetivos de salud y bienestar sexual en un entorno seguro, confidencial y profesional. Cont\u00e1ctenos hoy para obtener m\u00e1s informaci\u00f3n sobre nuestros servicios y programar una consulta con nuestro personal experimentado.<\/span><\/p>\t\t\t\t\t\t\t\t<\/div>\n\t\t\t\t<\/div>\n\t\t\t\t<div class=\"elementor-element elementor-element-0134609 elementor-widget elementor-widget-button\" data-id=\"0134609\" data-element_type=\"widget\" data-e-type=\"widget\" data-widget_type=\"button.default\">\n\t\t\t\t<div class=\"elementor-widget-container\">\n\t\t\t\t\t\t\t\t\t<div class=\"elementor-button-wrapper\">\n\t\t\t\t\t<a class=\"elementor-button elementor-button-link elementor-size-sm\" href=\"\/es\/contact-us\/\">\n\t\t\t\t\t\t<span class=\"elementor-button-content-wrapper\">\n\t\t\t\t\t\t\t\t\t<span class=\"elementor-button-text\">Contactenos sobre este servicio<\/span>\n\t\t\t\t\t<\/span>\n\t\t\t\t\t<\/a>\n\t\t\t\t<\/div>\n\t\t\t\t\t\t\t\t<\/div>\n\t\t\t\t<\/div>\n\t\t\t\t\t<\/div>\r\n\t\t\t\t<\/div>\r\n\t\t\t\t<div class=\"elementor-column elementor-col-50 elementor-top-column elementor-element elementor-element-26a5f24\" data-id=\"26a5f24\" data-element_type=\"column\" data-e-type=\"column\">\r\n\t\t\t\t\t<div class=\"elementor-widget-wrap elementor-element-populated\">\r\n\t\t\t\t\t\t\t\t<div class=\"elementor-element elementor-element-12c943e elementor-widget elementor-widget-image\" data-id=\"12c943e\" data-element_type=\"widget\" data-e-type=\"widget\" data-widget_type=\"image.default\">\n\t\t\t\t<div class=\"elementor-widget-container\">\n\t\t\t\t\t\t\t\t\t\t\t\t\t\t\t<img fetchpriority=\"high\" decoding=\"async\" width=\"640\" height=\"480\" src=\"https:\/\/medkithealthinstitute.com\/wp-content\/uploads\/2023\/06\/SEXUAL.jpg\" class=\"attachment-large size-large wp-image-2621\" alt=\"\" srcset=\"https:\/\/medkithealthinstitute.com\/wp-content\/uploads\/2023\/06\/SEXUAL.jpg 640w, https:\/\/medkithealthinstitute.com\/wp-content\/uploads\/2023\/06\/SEXUAL-600x450.jpg 600w, https:\/\/medkithealthinstitute.com\/wp-content\/uploads\/2023\/06\/SEXUAL-463x348.jpg 463w, https:\/\/medkithealthinstitute.com\/wp-content\/uploads\/2023\/06\/SEXUAL-400x300.jpg 400w\" sizes=\"(max-width: 640px) 100vw, 640px\" \/>\t\t\t\t\t\t\t\t\t\t\t\t\t\t\t<\/div>\n\t\t\t\t<\/div>\n\t\t\t\t\t<\/div>\r\n\t\t\t\t<\/div>\r\n\t\t\t\t\t<\/div>\r\n\t\t\t\t<\/section>\r\n\t\t\t\t<\/div>","protected":false},"excerpt":{"rendered":"<p>SEXUAL HEALTH ENHANCEMENT Solutions for Enhancing Sexual Well-being and addressing related concerns\u00a0 At our MedKit Health &amp; Aesthetics, we understand that sexual health and wellness is an essential aspect of overall well-being. That&#8217;s why we offer a range of sexual enhancement services designed to help our clients feel more confident, comfortable, and satisfied with their [&hellip;]<\/p>\n","protected":false},"author":27,"featured_media":0,"parent":2393,"menu_order":0,"comment_status":"closed","ping_status":"closed","template":"","meta":{"footnotes":""},"class_list":["post-2627","page","type-page","status-publish","hentry"],"_links":{"self":[{"href":"https:\/\/medkithealthinstitute.com\/es\/wp-json\/wp\/v2\/pages\/2627","targetHints":{"allow":["GET"]}}],"collection":[{"href":"https:\/\/medkithealthinstitute.com\/es\/wp-json\/wp\/v2\/pages"}],"about":[{"href":"https:\/\/medkithealthinstitute.com\/es\/wp-json\/wp\/v2\/types\/page"}],"author":[{"embeddable":true,"href":"https:\/\/medkithealthinstitute.com\/es\/wp-json\/wp\/v2\/users\/27"}],"replies":[{"embeddable":true,"href":"https:\/\/medkithealthinstitute.com\/es\/wp-json\/wp\/v2\/comments?post=2627"}],"version-history":[{"count":7,"href":"https:\/\/medkithealthinstitute.com\/es\/wp-json\/wp\/v2\/pages\/2627\/revisions"}],"predecessor-version":[{"id":3530,"href":"https:\/\/medkithealthinstitute.com\/es\/wp-json\/wp\/v2\/pages\/2627\/revisions\/3530"}],"up":[{"embeddable":true,"href":"https:\/\/medkithealthinstitute.com\/es\/wp-json\/wp\/v2\/pages\/2393"}],"wp:attachment":[{"href":"https:\/\/medkithealthinstitute.com\/es\/wp-json\/wp\/v2\/media?parent=2627"}],"curies":[{"name":"wp","href":"https:\/\/api.w.org\/{rel}","templated":true}]}}