{"id":2875,"date":"2023-12-08T11:55:13","date_gmt":"2023-12-08T11:55:13","guid":{"rendered":"https:\/\/medkithealthinstitute.com\/?page_id=2875"},"modified":"2024-02-26T22:41:33","modified_gmt":"2024-02-26T22:41:33","slug":"chemical-peel-pompano-beach","status":"publish","type":"page","link":"https:\/\/medkithealthinstitute.com\/es\/services\/chemical-peel-pompano-beach\/","title":{"rendered":"Chemical Peel"},"content":{"rendered":"<div data-elementor-type=\"wp-page\" data-elementor-id=\"2875\" class=\"elementor elementor-2875\">\n\t\t\t\t\t\t<section class=\"elementor-section elementor-top-section elementor-element elementor-element-134a257 elementor-section-boxed elementor-section-height-default elementor-section-height-default\" data-id=\"134a257\" data-element_type=\"section\" data-e-type=\"section\">\r\n\t\t\r\n\t\t\t\t\t\t\t<div class=\"elementor-container elementor-column-gap-default\">\r\n\t\t\t\t\t\t\t\t\t\t\t<div class=\"elementor-column elementor-col-100 elementor-top-column elementor-element elementor-element-2da1d32\" data-id=\"2da1d32\" data-element_type=\"column\" data-e-type=\"column\">\r\n\t\t\t\t\t<div class=\"elementor-widget-wrap elementor-element-populated\">\r\n\t\t\t\t\t\t\t\t<div class=\"elementor-element elementor-element-08fb8a0 elementor-widget elementor-widget-spacer\" data-id=\"08fb8a0\" data-element_type=\"widget\" data-e-type=\"widget\" data-widget_type=\"spacer.default\">\n\t\t\t\t<div class=\"elementor-widget-container\">\n\t\t\t\t\t\t\t<div class=\"elementor-spacer\">\n\t\t\t<div class=\"elementor-spacer-inner\"><\/div>\n\t\t<\/div>\n\t\t\t\t\t\t<\/div>\n\t\t\t\t<\/div>\n\t\t\t\t\t<\/div>\r\n\t\t\t\t<\/div>\r\n\t\t\t\t\t<\/div>\r\n\t\t\t\t<\/section>\r\n\t\t\t\t<section class=\"elementor-section elementor-top-section elementor-element elementor-element-8a41474 m-t-sm m-b-lg elementor-section-full_width elementor-section-height-default elementor-section-height-default\" data-id=\"8a41474\" data-element_type=\"section\" data-e-type=\"section\">\r\n\t\t\r\n\t\t\t\t\t\t\t<div class=\"elementor-container elementor-column-gap-default\">\r\n\t\t\t\t\t\t\t\t\t\t\t<div class=\"elementor-column elementor-col-50 elementor-top-column elementor-element elementor-element-5da89f0\" data-id=\"5da89f0\" data-element_type=\"column\" data-e-type=\"column\">\r\n\t\t\t\t\t<div class=\"elementor-widget-wrap elementor-element-populated\">\r\n\t\t\t\t\t\t\t\t<div class=\"elementor-element elementor-element-a9799a2 elementor-widget elementor-widget-heading\" data-id=\"a9799a2\" data-element_type=\"widget\" data-e-type=\"widget\" data-widget_type=\"heading.default\">\n\t\t\t\t<div class=\"elementor-widget-container\">\n\t\t\t\t\t<h1 class=\"elementor-heading-title elementor-size-default\">CHEMICAL PEEL<\/h1>\t\t\t\t<\/div>\n\t\t\t\t<\/div>\n\t\t\t\t<div class=\"elementor-element elementor-element-c1b9e90 mb-4 elementor-widget-divider--view-line elementor-widget elementor-widget-divider\" data-id=\"c1b9e90\" data-element_type=\"widget\" data-e-type=\"widget\" data-widget_type=\"divider.default\">\n\t\t\t\t<div class=\"elementor-widget-container\">\n\t\t\t\t\t\t\t<div class=\"elementor-divider\">\n\t\t\t<span class=\"elementor-divider-separator\">\n\t\t\t\t\t\t<\/span>\n\t\t<\/div>\n\t\t\t\t\t\t<\/div>\n\t\t\t\t<\/div>\n\t\t\t\t<div class=\"elementor-element elementor-element-790122a elementor-widget elementor-widget-text-editor\" data-id=\"790122a\" data-element_type=\"widget\" data-e-type=\"widget\" data-widget_type=\"text-editor.default\">\n\t\t\t\t<div class=\"elementor-widget-container\">\n\t\t\t\t\t\t\t\t\t<p>Disfrute de la mejor experiencia de cuidado de la piel con nuestro servicio de exfoliaci\u00f3n qu\u00edmica en nuestro principal spa Medspa de Pompano Beach, ubicado en el coraz\u00f3n de la soleada Florida. Nuestros tratamientos Chemical Peel est\u00e1n meticulosamente elaborados para rejuvenecer y revitalizar su piel, dej\u00e1ndola con un brillo luminoso y juvenil que irradia confianza.<\/p><p>Las exfoliaciones qu\u00edmicas son una forma poderosa pero suave de exfoliar la piel, eliminando eficazmente las c\u00e9lulas muertas, destapando los poros y promoviendo la renovaci\u00f3n celular. Este proceso revela una piel nueva y fresca debajo, lo que da como resultado una tez m\u00e1s suave y uniforme.<\/p><p>En nuestro Medspa, ofrecemos una variedad de formulaciones de Peeling Qu\u00edmico dise\u00f1adas para abordar sus inquietudes y objetivos \u00fanicos en el cuidado de la piel. Ya sea que est\u00e9 buscando disminuir las l\u00edneas finas y las arrugas, reducir el acn\u00e9 y las cicatrices del acn\u00e9, atenuar la hiperpigmentaci\u00f3n y el da\u00f1o solar, o simplemente lograr un cutis m\u00e1s brillante y radiante, tenemos el exfoliante perfecto para usted.<\/p><p>Nuestros profesionales expertos en el cuidado de la piel trabajar\u00e1n estrechamente con usted para evaluar su tipo de piel, sus inquietudes y los resultados deseados, asegur\u00e1ndose de que reciba un plan de tratamiento personalizado que satisfaga sus necesidades. Utilizando los \u00faltimos avances en tecnolog\u00eda para el cuidado de la piel e ingredientes de la m\u00e1s alta calidad, ofrecemos tratamientos de exfoliaci\u00f3n qu\u00edmica seguros y eficaces que producen resultados visibles.<\/p><p>Experimente el poder transformador de las exfoliaciones qu\u00edmicas en nuestro Pompano Beach Medspa y descubra la piel radiante y juvenil que siempre ha so\u00f1ado.<\/p>\t\t\t\t\t\t\t\t<\/div>\n\t\t\t\t<\/div>\n\t\t\t\t<div class=\"elementor-element elementor-element-3646a04 elementor-widget elementor-widget-heading\" data-id=\"3646a04\" data-element_type=\"widget\" data-e-type=\"widget\" data-widget_type=\"heading.default\">\n\t\t\t\t<div class=\"elementor-widget-container\">\n\t\t\t\t\t<h2 class=\"elementor-heading-title elementor-size-default\">Servicios Disponibles<\/h2>\t\t\t\t<\/div>\n\t\t\t\t<\/div>\n\t\t\t\t<div class=\"elementor-element elementor-element-eccab9f elementor-widget elementor-widget-text-editor\" data-id=\"eccab9f\" data-element_type=\"widget\" data-e-type=\"widget\" data-widget_type=\"text-editor.default\">\n\t\t\t\t<div class=\"elementor-widget-container\">\n\t\t\t\t\t\t\t\t\t<ul><li>Glycolic Peel<\/li><li>Salycylic Acid Peel<\/li><li>VI PEEL<\/li><li>VI PEEL-PACKAGE OF 3<\/li><\/ul>\t\t\t\t\t\t\t\t<\/div>\n\t\t\t\t<\/div>\n\t\t\t\t<div class=\"elementor-element elementor-element-2c0c177 elementor-widget elementor-widget-button\" data-id=\"2c0c177\" data-element_type=\"widget\" data-e-type=\"widget\" data-widget_type=\"button.default\">\n\t\t\t\t<div class=\"elementor-widget-container\">\n\t\t\t\t\t\t\t\t\t<div class=\"elementor-button-wrapper\">\n\t\t\t\t\t<a class=\"elementor-button elementor-button-link elementor-size-md\" href=\"https:\/\/web2.myaestheticspro.com\/booknow\/index.cfm?E15DB9D8BA1C58C194A42628E7C59021\" target=\"_blank\">\n\t\t\t\t\t\t<span class=\"elementor-button-content-wrapper\">\n\t\t\t\t\t\t\t\t\t<span class=\"elementor-button-text\">Reserve su consulta<\/span>\n\t\t\t\t\t<\/span>\n\t\t\t\t\t<\/a>\n\t\t\t\t<\/div>\n\t\t\t\t\t\t\t\t<\/div>\n\t\t\t\t<\/div>\n\t\t\t\t\t<\/div>\r\n\t\t\t\t<\/div>\r\n\t\t\t\t<div class=\"elementor-column elementor-col-50 elementor-top-column elementor-element elementor-element-26a5f24\" data-id=\"26a5f24\" data-element_type=\"column\" data-e-type=\"column\">\r\n\t\t\t\t\t<div class=\"elementor-widget-wrap elementor-element-populated\">\r\n\t\t\t\t\t\t\t\t<div class=\"elementor-element elementor-element-12c943e elementor-widget elementor-widget-image\" data-id=\"12c943e\" data-element_type=\"widget\" data-e-type=\"widget\" data-widget_type=\"image.default\">\n\t\t\t\t<div class=\"elementor-widget-container\">\n\t\t\t\t\t\t\t\t\t\t\t\t\t\t\t<img fetchpriority=\"high\" decoding=\"async\" width=\"640\" height=\"480\" src=\"https:\/\/medkithealthinstitute.com\/wp-content\/uploads\/2023\/12\/chemical-peel.jpg\" class=\"attachment-large size-large wp-image-2874\" alt=\"\" srcset=\"https:\/\/medkithealthinstitute.com\/wp-content\/uploads\/2023\/12\/chemical-peel.jpg 640w, https:\/\/medkithealthinstitute.com\/wp-content\/uploads\/2023\/12\/chemical-peel-600x450.jpg 600w, https:\/\/medkithealthinstitute.com\/wp-content\/uploads\/2023\/12\/chemical-peel-463x348.jpg 463w, https:\/\/medkithealthinstitute.com\/wp-content\/uploads\/2023\/12\/chemical-peel-400x300.jpg 400w\" sizes=\"(max-width: 640px) 100vw, 640px\" \/>\t\t\t\t\t\t\t\t\t\t\t\t\t\t\t<\/div>\n\t\t\t\t<\/div>\n\t\t\t\t\t<\/div>\r\n\t\t\t\t<\/div>\r\n\t\t\t\t\t<\/div>\r\n\t\t\t\t<\/section>\r\n\t\t\t\t<section class=\"elementor-section elementor-top-section elementor-element elementor-element-8eaf010 elementor-section-boxed elementor-section-height-default elementor-section-height-default\" data-id=\"8eaf010\" data-element_type=\"section\" data-e-type=\"section\">\r\n\t\t\r\n\t\t\t\t\t\t\t<div class=\"elementor-container elementor-column-gap-default\">\r\n\t\t\t\t\t\t\t\t\t\t\t<div class=\"elementor-column elementor-col-100 elementor-top-column elementor-element elementor-element-6d2ef54\" data-id=\"6d2ef54\" data-element_type=\"column\" data-e-type=\"column\">\r\n\t\t\t\t\t<div class=\"elementor-widget-wrap elementor-element-populated\">\r\n\t\t\t\t\t\t\t\t<div class=\"elementor-element elementor-element-08bcf1a elementor-widget elementor-widget-heading\" data-id=\"08bcf1a\" data-element_type=\"widget\" data-e-type=\"widget\" data-widget_type=\"heading.default\">\n\t\t\t\t<div class=\"elementor-widget-container\">\n\t\t\t\t\t<h1 class=\"elementor-heading-title elementor-size-default\">Chemical Peel's FAQS<\/h1>\t\t\t\t<\/div>\n\t\t\t\t<\/div>\n\t\t\t\t<div class=\"elementor-element elementor-element-b5472ea elementor-widget elementor-widget-accordion\" data-id=\"b5472ea\" data-element_type=\"widget\" data-e-type=\"widget\" data-widget_type=\"accordion.default\">\n\t\t\t\t<div class=\"elementor-widget-container\">\n\t\t\t\t\t\t\t<div class=\"elementor-accordion\">\n\t\t\t\t\t\t\t<div class=\"elementor-accordion-item\">\n\t\t\t\t\t<div id=\"elementor-tab-title-1901\" class=\"elementor-tab-title\" data-tab=\"1\" role=\"button\" aria-controls=\"elementor-tab-content-1901\" aria-expanded=\"false\">\n\t\t\t\t\t\t\t\t\t\t\t\t\t<span class=\"elementor-accordion-icon elementor-accordion-icon-left\" aria-hidden=\"true\">\n\t\t\t\t\t\t\t\t\t\t\t\t\t\t\t<span class=\"elementor-accordion-icon-closed\"><i class=\"fas fa-plus\"><\/i><\/span>\n\t\t\t\t\t\t\t\t<span class=\"elementor-accordion-icon-opened\"><i class=\"fas fa-minus\"><\/i><\/span>\n\t\t\t\t\t\t\t\t\t\t\t\t\t\t<\/span>\n\t\t\t\t\t\t\t\t\t\t\t\t<a class=\"elementor-accordion-title\" tabindex=\"0\">\u00bfQu\u00e9 es una exfoliaci\u00f3n qu\u00edmica?<\/a>\n\t\t\t\t\t<\/div>\n\t\t\t\t\t<div id=\"elementor-tab-content-1901\" class=\"elementor-tab-content elementor-clearfix\" data-tab=\"1\" role=\"region\" aria-labelledby=\"elementor-tab-title-1901\"><p>Una exfoliaci\u00f3n qu\u00edmica es un procedimiento cosm\u00e9tico que implica la aplicaci\u00f3n de una soluci\u00f3n qu\u00edmica a la piel, lo que hace que las capas externas de la piel se exfolie y se despegue. Este proceso promueve la regeneraci\u00f3n de la piel, revelando una piel m\u00e1s suave y de aspecto m\u00e1s saludable debajo.<\/p><\/div>\n\t\t\t\t<\/div>\n\t\t\t\t\t\t\t<div class=\"elementor-accordion-item\">\n\t\t\t\t\t<div id=\"elementor-tab-title-1902\" class=\"elementor-tab-title\" data-tab=\"2\" role=\"button\" aria-controls=\"elementor-tab-content-1902\" aria-expanded=\"false\">\n\t\t\t\t\t\t\t\t\t\t\t\t\t<span class=\"elementor-accordion-icon elementor-accordion-icon-left\" aria-hidden=\"true\">\n\t\t\t\t\t\t\t\t\t\t\t\t\t\t\t<span class=\"elementor-accordion-icon-closed\"><i class=\"fas fa-plus\"><\/i><\/span>\n\t\t\t\t\t\t\t\t<span class=\"elementor-accordion-icon-opened\"><i class=\"fas fa-minus\"><\/i><\/span>\n\t\t\t\t\t\t\t\t\t\t\t\t\t\t<\/span>\n\t\t\t\t\t\t\t\t\t\t\t\t<a class=\"elementor-accordion-title\" tabindex=\"0\">\u00bfQu\u00e9 problemas de la piel puede abordar una exfoliaci\u00f3n qu\u00edmica?<\/a>\n\t\t\t\t\t<\/div>\n\t\t\t\t\t<div id=\"elementor-tab-content-1902\" class=\"elementor-tab-content elementor-clearfix\" data-tab=\"2\" role=\"region\" aria-labelledby=\"elementor-tab-title-1902\"><p>Las exfoliaciones qu\u00edmicas pueden tratar eficazmente una variedad de problemas de la piel, incluidas las l\u00edneas finas y las arrugas, el acn\u00e9 y las cicatrices del acn\u00e9, la hiperpigmentaci\u00f3n, el da\u00f1o solar, el tono y la textura desiguales de la piel y la falta de brillo. Hay diferentes tipos de exfoliaciones disponibles para abordar problemas y tipos de piel espec\u00edficos.<\/p><\/div>\n\t\t\t\t<\/div>\n\t\t\t\t\t\t\t<div class=\"elementor-accordion-item\">\n\t\t\t\t\t<div id=\"elementor-tab-title-1903\" class=\"elementor-tab-title\" data-tab=\"3\" role=\"button\" aria-controls=\"elementor-tab-content-1903\" aria-expanded=\"false\">\n\t\t\t\t\t\t\t\t\t\t\t\t\t<span class=\"elementor-accordion-icon elementor-accordion-icon-left\" aria-hidden=\"true\">\n\t\t\t\t\t\t\t\t\t\t\t\t\t\t\t<span class=\"elementor-accordion-icon-closed\"><i class=\"fas fa-plus\"><\/i><\/span>\n\t\t\t\t\t\t\t\t<span class=\"elementor-accordion-icon-opened\"><i class=\"fas fa-minus\"><\/i><\/span>\n\t\t\t\t\t\t\t\t\t\t\t\t\t\t<\/span>\n\t\t\t\t\t\t\t\t\t\t\t\t<a class=\"elementor-accordion-title\" tabindex=\"0\">\u00bfC\u00f3mo se siente una exfoliaci\u00f3n qu\u00edmica durante y despu\u00e9s del tratamiento?<\/a>\n\t\t\t\t\t<\/div>\n\t\t\t\t\t<div id=\"elementor-tab-content-1903\" class=\"elementor-tab-content elementor-clearfix\" data-tab=\"3\" role=\"region\" aria-labelledby=\"elementor-tab-title-1903\"><p>Durante una exfoliaci\u00f3n qu\u00edmica, es posible que experimente una sensaci\u00f3n de hormigueo o escozor cuando se aplica la soluci\u00f3n sobre la piel. Algunas exfoliaciones pueden causar enrojecimiento, irritaci\u00f3n o descamaci\u00f3n temporales inmediatamente despu\u00e9s del tratamiento, lo que generalmente se resuelve en unos pocos d\u00edas a una semana, dependiendo de la profundidad de la exfoliaci\u00f3n.<\/p><\/div>\n\t\t\t\t<\/div>\n\t\t\t\t\t\t\t<div class=\"elementor-accordion-item\">\n\t\t\t\t\t<div id=\"elementor-tab-title-1904\" class=\"elementor-tab-title\" data-tab=\"4\" role=\"button\" aria-controls=\"elementor-tab-content-1904\" aria-expanded=\"false\">\n\t\t\t\t\t\t\t\t\t\t\t\t\t<span class=\"elementor-accordion-icon elementor-accordion-icon-left\" aria-hidden=\"true\">\n\t\t\t\t\t\t\t\t\t\t\t\t\t\t\t<span class=\"elementor-accordion-icon-closed\"><i class=\"fas fa-plus\"><\/i><\/span>\n\t\t\t\t\t\t\t\t<span class=\"elementor-accordion-icon-opened\"><i class=\"fas fa-minus\"><\/i><\/span>\n\t\t\t\t\t\t\t\t\t\t\t\t\t\t<\/span>\n\t\t\t\t\t\t\t\t\t\t\t\t<a class=\"elementor-accordion-title\" tabindex=\"0\">\u00bfCu\u00e1ntos tratamientos se necesitan para ver resultados con una exfoliaci\u00f3n qu\u00edmica?<\/a>\n\t\t\t\t\t<\/div>\n\t\t\t\t\t<div id=\"elementor-tab-content-1904\" class=\"elementor-tab-content elementor-clearfix\" data-tab=\"4\" role=\"region\" aria-labelledby=\"elementor-tab-title-1904\"><p>La cantidad de tratamientos necesarios para ver resultados con una exfoliaci\u00f3n qu\u00edmica var\u00eda seg\u00fan factores como la exfoliaci\u00f3n espec\u00edfica utilizada, la gravedad del problema de la piel que se aborda y el tipo de piel individual y la respuesta al tratamiento. Si bien algunas personas pueden notar mejoras despu\u00e9s de un solo tratamiento, a menudo se recomienda una serie de tratamientos con varias semanas de diferencia para obtener resultados \u00f3ptimos.<\/p><\/div>\n\t\t\t\t<\/div>\n\t\t\t\t\t\t\t\t<\/div>\n\t\t\t\t\t\t<\/div>\n\t\t\t\t<\/div>\n\t\t\t\t\t<\/div>\r\n\t\t\t\t<\/div>\r\n\t\t\t\t\t<\/div>\r\n\t\t\t\t<\/section>\r\n\t\t\t\t<section data-plugin-parallax=\"\" data-plugin-options=\"{&quot;speed&quot;: 1.7}\" class=\"elementor-section elementor-top-section elementor-element elementor-element-b4dd833 elementor-section-full_width elementor-section-height-default elementor-section-height-default\" data-id=\"b4dd833\" data-element_type=\"section\" data-e-type=\"section\" data-settings=\"{&quot;background_background&quot;:&quot;classic&quot;}\">\r\n\t\t\t\t\t\t<div class=\"elementor-background-overlay\"><\/div>\r\n\t\t\t\r\n\t\t\t\t\t\t\t<div class=\"elementor-container elementor-column-gap-default\">\r\n\t\t\t\t\t\t\t\t\t\t\t<div class=\"elementor-column elementor-col-100 elementor-top-column elementor-element elementor-element-e745696\" data-id=\"e745696\" data-element_type=\"column\" data-e-type=\"column\">\r\n\t\t\t\t\t<div class=\"elementor-widget-wrap elementor-element-populated\">\r\n\t\t\t\t\t\t\t\t<div class=\"elementor-element elementor-element-576ae00 elementor-widget elementor-widget-heading\" data-id=\"576ae00\" data-element_type=\"widget\" data-e-type=\"widget\" data-widget_type=\"heading.default\">\n\t\t\t\t<div class=\"elementor-widget-container\">\n\t\t\t\t\t<h2 class=\"elementor-heading-title elementor-size-default\">\u00bfTIENES ALGUNA PREGUNTA?<\/h2>\t\t\t\t<\/div>\n\t\t\t\t<\/div>\n\t\t\t\t<div class=\"elementor-element elementor-element-bdd54e1 elementor-widget elementor-widget-heading\" data-id=\"bdd54e1\" data-element_type=\"widget\" data-e-type=\"widget\" data-widget_type=\"heading.default\">\n\t\t\t\t<div class=\"elementor-widget-container\">\n\t\t\t\t\t<h2 class=\"elementor-heading-title elementor-size-default\">Programe su cita Gratuita de Peeling Qu\u00edmico hoy y d\u00e9 el primer paso hacia una piel m\u00e1s sana y hermosa.<\/h2>\t\t\t\t<\/div>\n\t\t\t\t<\/div>\n\t\t\t\t<div class=\"elementor-element elementor-element-c436efe elementor-align-center elementor-widget elementor-widget-button\" data-id=\"c436efe\" data-element_type=\"widget\" data-e-type=\"widget\" data-widget_type=\"button.default\">\n\t\t\t\t<div class=\"elementor-widget-container\">\n\t\t\t\t\t\t\t\t\t<div class=\"elementor-button-wrapper\">\n\t\t\t\t\t<a class=\"elementor-button elementor-button-link elementor-size-sm\" href=\"https:\/\/medkithealthinstitute.com\/es\/contact-us\/\">\n\t\t\t\t\t\t<span class=\"elementor-button-content-wrapper\">\n\t\t\t\t\t\t\t\t\t<span class=\"elementor-button-text\">CONTACTENOS<\/span>\n\t\t\t\t\t<\/span>\n\t\t\t\t\t<\/a>\n\t\t\t\t<\/div>\n\t\t\t\t\t\t\t\t<\/div>\n\t\t\t\t<\/div>\n\t\t\t\t\t<\/div>\r\n\t\t\t\t<\/div>\r\n\t\t\t\t\t<\/div>\r\n\t\t\t\t<\/section>\r\n\t\t\t\t<\/div>","protected":false},"excerpt":{"rendered":"<p>CHEMICAL PEEL Indulge in the ultimate skincare experience with our Chemical Peel service at our premier Pompano Beach Medspa, nestled in the heart of sunny Florida. Our Chemical Peel treatments are meticulously crafted to rejuvenate and revitalize your skin, leaving you with a luminous, youthful glow that radiates confidence. Chemical Peels are a powerful yet [&hellip;]<\/p>\n","protected":false},"author":27,"featured_media":0,"parent":2393,"menu_order":0,"comment_status":"closed","ping_status":"closed","template":"","meta":{"footnotes":""},"class_list":["post-2875","page","type-page","status-publish","hentry"],"_links":{"self":[{"href":"https:\/\/medkithealthinstitute.com\/es\/wp-json\/wp\/v2\/pages\/2875","targetHints":{"allow":["GET"]}}],"collection":[{"href":"https:\/\/medkithealthinstitute.com\/es\/wp-json\/wp\/v2\/pages"}],"about":[{"href":"https:\/\/medkithealthinstitute.com\/es\/wp-json\/wp\/v2\/types\/page"}],"author":[{"embeddable":true,"href":"https:\/\/medkithealthinstitute.com\/es\/wp-json\/wp\/v2\/users\/27"}],"replies":[{"embeddable":true,"href":"https:\/\/medkithealthinstitute.com\/es\/wp-json\/wp\/v2\/comments?post=2875"}],"version-history":[{"count":27,"href":"https:\/\/medkithealthinstitute.com\/es\/wp-json\/wp\/v2\/pages\/2875\/revisions"}],"predecessor-version":[{"id":3229,"href":"https:\/\/medkithealthinstitute.com\/es\/wp-json\/wp\/v2\/pages\/2875\/revisions\/3229"}],"up":[{"embeddable":true,"href":"https:\/\/medkithealthinstitute.com\/es\/wp-json\/wp\/v2\/pages\/2393"}],"wp:attachment":[{"href":"https:\/\/medkithealthinstitute.com\/es\/wp-json\/wp\/v2\/media?parent=2875"}],"curies":[{"name":"wp","href":"https:\/\/api.w.org\/{rel}","templated":true}]}}