{"id":3231,"date":"2024-02-27T11:14:17","date_gmt":"2024-02-27T11:14:17","guid":{"rendered":"https:\/\/medkithealthinstitute.com\/?page_id=3231"},"modified":"2024-02-27T12:10:51","modified_gmt":"2024-02-27T12:10:51","slug":"blogs-medspa","status":"publish","type":"page","link":"https:\/\/medkithealthinstitute.com\/es\/blogs-medspa\/","title":{"rendered":"Blogs"},"content":{"rendered":"<div data-elementor-type=\"wp-page\" data-elementor-id=\"3231\" class=\"elementor elementor-3231\">\n\t\t\t\t\t\t<section class=\"elementor-section elementor-top-section elementor-element elementor-element-75e284f elementor-section-boxed elementor-section-height-default elementor-section-height-default\" data-id=\"75e284f\" data-element_type=\"section\" data-e-type=\"section\">\r\n\t\t\r\n\t\t\t\t\t\t\t<div class=\"elementor-container elementor-column-gap-default\">\r\n\t\t\t\t\t\t\t\t\t\t\t<div class=\"elementor-column elementor-col-100 elementor-top-column elementor-element elementor-element-37f010b\" data-id=\"37f010b\" data-element_type=\"column\" data-e-type=\"column\">\r\n\t\t\t\t\t<div class=\"elementor-widget-wrap elementor-element-populated\">\r\n\t\t\t\t\t\t\t\t<div class=\"elementor-element elementor-element-4db9759 elementor-widget elementor-widget-heading\" data-id=\"4db9759\" data-element_type=\"widget\" data-e-type=\"widget\" data-widget_type=\"heading.default\">\n\t\t\t\t<div class=\"elementor-widget-container\">\n\t\t\t\t\t<h2 class=\"elementor-heading-title elementor-size-default\">Medkit Health Institute Blogs<\/h2>\t\t\t\t<\/div>\n\t\t\t\t<\/div>\n\t\t\t\t<div class=\"elementor-element elementor-element-afd46ba elementor-widget elementor-widget-text-editor\" data-id=\"afd46ba\" data-element_type=\"widget\" data-e-type=\"widget\" data-widget_type=\"text-editor.default\">\n\t\t\t\t<div class=\"elementor-widget-container\">\n\t\t\t\t\t\t\t\t\t<p>Mejore su viaje de belleza y bienestar con nuestro interesante blog en Medkit Health en Pompano Beach.<\/p><p>Descubra sugerencias, tendencias y consejos de expertos sobre el cuidado de la piel, tratamientos y bienestar hol\u00edstico para lucir radiante y revitalizado.<\/p>\t\t\t\t\t\t\t\t<\/div>\n\t\t\t\t<\/div>\n\t\t\t\t<div class=\"elementor-element elementor-element-92eebda elementor-widget elementor-widget-porto_blog\" data-id=\"92eebda\" data-element_type=\"widget\" data-e-type=\"widget\" data-widget_type=\"porto_blog.default\">\n\t\t\t\t<div class=\"elementor-widget-container\">\n\t\t\t\t\t<div class=\"porto-blog wpb_content_element  porto-blog-d751713988987e9331980363e24189ce\">\t\t<div class=\"blog-posts posts-grid blog-posts-modern\">\r\n\t\t\t<div class=\"posts-container row\">\r\n\t\t<div class=\"col-md-6\">\r\n<article class=\"post post-modern hide-post-date post-3283 post type-post status-publish format-standard hentry category-medspa\">\r\n\r\n\t\r\n\t<div class=\"post-content\">\r\n\r\n\t\t<h2 class=\"entry-title\"><a href=\"https:\/\/medkithealthinstitute.com\/es\/facial-fillers-botox-blog\/\">Achieving Harmonious Facial Aesthetics with Dermal Fillers and Botox<\/a><\/h2>\r\n\t\t<span class=\"vcard\" style=\"display: none;\"><span class=\"fn\"><a href=\"https:\/\/medkithealthinstitute.com\/es\/author\/paula-coloma\/\" title=\"Posts by Paula Coloma\" rel=\"author\">Paula Coloma<\/a><\/span><\/span><span class=\"updated\" style=\"display:none\">2024-04-09T14:56:22+00:00<\/span><p class=\"post-excerpt\">\t\t\t\t\t\t\t\t\t\t\t\t\t\t\t\n\t\tIn the quest for a balanced and rejuvenated appearance, dermal fillers and Botox have emerged as leading solutions in the realm of non-surgical cosmetic treatments. These innovative modalities offer a pathway to subtly enhance facial features, smooth wrinkles, and restore volume, all while maintaining natural expressions and movement. This comprehensive guide delves into the science, application, and benefits of facial balancing with dermal fillers and Botox, providing you with essential insights to make informed decisions about your aesthetic journey.\t\t\n\t\t\tThe Science...<\/p>\t\t\t\t\t<div class=\"post-block post-share\">\r\n\t\t\t\t<div class=\"share-links\"><a href=\"https:\/\/www.facebook.com\/sharer.php?u=https:\/\/medkithealthinstitute.com\/es\/facial-fillers-botox-blog\/\" target=\"_blank\"  rel=\"noopener noreferrer nofollow\" data-bs-tooltip data-bs-placement='bottom' title=\"Facebook\" class=\"share-facebook\">Facebook<\/a>\r\n\t\t<a href=\"https:\/\/twitter.com\/intent\/tweet?text=Achieving+Harmonious+Facial+Aesthetics+with+Dermal+Fillers+and+Botox&amp;url=https:\/\/medkithealthinstitute.com\/es\/facial-fillers-botox-blog\/\" target=\"_blank\"  rel=\"noopener noreferrer nofollow\" data-bs-tooltip data-bs-placement='bottom' title=\"X\" class=\"share-twitter\">Twitter<\/a>\r\n\t\t<a href=\"https:\/\/www.linkedin.com\/shareArticle?mini=true&amp;url=https:\/\/medkithealthinstitute.com\/es\/facial-fillers-botox-blog\/&amp;title=Achieving+Harmonious+Facial+Aesthetics+with+Dermal+Fillers+and+Botox\" target=\"_blank\"  rel=\"noopener noreferrer nofollow\" data-bs-tooltip data-bs-placement='bottom' title=\"LinkedIn\" class=\"share-linkedin\">LinkedIn<\/a>\r\n\t\t<a href=\"https:\/\/plus.google.com\/share?url=https:\/\/medkithealthinstitute.com\/es\/facial-fillers-botox-blog\/\" target=\"_blank\"  rel=\"noopener noreferrer nofollow\" data-bs-tooltip data-bs-placement='bottom' title=\"Google +\" class=\"share-googleplus\">Google +<\/a>\r\n\t\t<a href=\"mailto:?subject=Achieving+Harmonious+Facial+Aesthetics+with+Dermal+Fillers+and+Botox&amp;body=https:\/\/medkithealthinstitute.com\/es\/facial-fillers-botox-blog\/\" target=\"_blank\"  rel=\"noopener noreferrer nofollow\" data-bs-tooltip data-bs-placement='bottom' title=\"Email\" class=\"share-email\">Email<\/a>\r\n\t<\/div>\t\t\t<\/div>\r\n\t\t\t<\/div>\r\n\r\n\t<!-- Post meta after content -->\r\n\t<div class=\"post-meta\"><span class=\"meta-date\">4 April, 2024<\/span><span class=\"meta-author\"><a href=\"https:\/\/medkithealthinstitute.com\/es\/author\/paula-coloma\/\" title=\"Posts by Paula Coloma\" rel=\"author\">Paula Coloma<\/a><\/span><span class=\"meta-cats\"><a href=\"https:\/\/medkithealthinstitute.com\/es\/category\/medspa\/\" rel=\"category tag\">MedSpa<\/a><\/span><\/div>\r\n\t<div class=\"clearfix\">\r\n\t\t<a class=\"btn-readmore\" href=\"https:\/\/medkithealthinstitute.com\/es\/facial-fillers-botox-blog\/\">Read more +<\/a>\r\n\t<\/div>\r\n<\/article>\r\n<\/div><div class=\"col-md-6\">\r\n<article class=\"post post-modern hide-post-date post-3247 post type-post status-publish format-standard hentry category-medspa\">\r\n\r\n\t\r\n\t<div class=\"post-content\">\r\n\r\n\t\t<h2 class=\"entry-title\"><a href=\"https:\/\/medkithealthinstitute.com\/es\/medical-weight-loss-revolution\/\">Revoluci\u00f3n m\u00e9dica de la p\u00e9rdida de peso<\/a><\/h2>\r\n\t\t<span class=\"vcard\" style=\"display: none;\"><span class=\"fn\"><a href=\"https:\/\/medkithealthinstitute.com\/es\/author\/paula-coloma\/\" title=\"Posts by Paula Coloma\" rel=\"author\">Paula Coloma<\/a><\/span><\/span><span class=\"updated\" style=\"display:none\">2024-04-09T14:56:39+00:00<\/span><p class=\"post-excerpt\">\t\t\t\t\t\t\t\t\t\t\t\t\t\t\t\n\t\t\tWeight Loss Revolution: A Guide to Medical Weight Loss Solutions in South Florida\t\t\n\t\tIn the sun-kissed state of Florida, health and wellness are more than just buzzwords; they're a way of life. But with the stress of modern living, genetic predispositions, and unhealthy lifestyle habits, maintaining a healthy weight can be a daunting task for many. This is where medical weight loss solutions come into play.<a href=\"https:\/\/medkithealthinstitute.com\/es\/services\/personalized-medical-weight-loss-and-nutrition\/\">Medical weight loss<\/a> is a comprehensive, physician-directed weight management based on medical scientific principles that...<\/p>\t\t\t\t\t<div class=\"post-block post-share\">\r\n\t\t\t\t<div class=\"share-links\"><a href=\"https:\/\/www.facebook.com\/sharer.php?u=https:\/\/medkithealthinstitute.com\/es\/medical-weight-loss-revolution\/\" target=\"_blank\"  rel=\"noopener noreferrer nofollow\" data-bs-tooltip data-bs-placement='bottom' title=\"Facebook\" class=\"share-facebook\">Facebook<\/a>\r\n\t\t<a href=\"https:\/\/twitter.com\/intent\/tweet?text=Medical+Weight+Loss+Revolution&amp;url=https:\/\/medkithealthinstitute.com\/es\/medical-weight-loss-revolution\/\" target=\"_blank\"  rel=\"noopener noreferrer nofollow\" data-bs-tooltip data-bs-placement='bottom' title=\"X\" class=\"share-twitter\">Twitter<\/a>\r\n\t\t<a href=\"https:\/\/www.linkedin.com\/shareArticle?mini=true&amp;url=https:\/\/medkithealthinstitute.com\/es\/medical-weight-loss-revolution\/&amp;title=Medical+Weight+Loss+Revolution\" target=\"_blank\"  rel=\"noopener noreferrer nofollow\" data-bs-tooltip data-bs-placement='bottom' title=\"LinkedIn\" class=\"share-linkedin\">LinkedIn<\/a>\r\n\t\t<a href=\"https:\/\/plus.google.com\/share?url=https:\/\/medkithealthinstitute.com\/es\/medical-weight-loss-revolution\/\" target=\"_blank\"  rel=\"noopener noreferrer nofollow\" data-bs-tooltip data-bs-placement='bottom' title=\"Google +\" class=\"share-googleplus\">Google +<\/a>\r\n\t\t<a href=\"mailto:?subject=Medical+Weight+Loss+Revolution&amp;body=https:\/\/medkithealthinstitute.com\/es\/medical-weight-loss-revolution\/\" target=\"_blank\"  rel=\"noopener noreferrer nofollow\" data-bs-tooltip data-bs-placement='bottom' title=\"Email\" class=\"share-email\">Email<\/a>\r\n\t<\/div>\t\t\t<\/div>\r\n\t\t\t<\/div>\r\n\r\n\t<!-- Post meta after content -->\r\n\t<div class=\"post-meta\"><span class=\"meta-date\">16 February, 2024<\/span><span class=\"meta-author\"><a href=\"https:\/\/medkithealthinstitute.com\/es\/author\/paula-coloma\/\" title=\"Posts by Paula Coloma\" rel=\"author\">Paula Coloma<\/a><\/span><span class=\"meta-cats\"><a href=\"https:\/\/medkithealthinstitute.com\/es\/category\/medspa\/\" rel=\"category tag\">MedSpa<\/a><\/span><\/div>\r\n\t<div class=\"clearfix\">\r\n\t\t<a class=\"btn-readmore\" href=\"https:\/\/medkithealthinstitute.com\/es\/medical-weight-loss-revolution\/\">Read more +<\/a>\r\n\t<\/div>\r\n<\/article>\r\n<\/div><div class=\"col-md-6\">\r\n<article class=\"post post-modern hide-post-date post-3234 post type-post status-publish format-standard hentry category-medspa\">\r\n\r\n\t\r\n\t<div class=\"post-content\">\r\n\r\n\t\t<h2 class=\"entry-title\"><a href=\"https:\/\/medkithealthinstitute.com\/es\/the-future-of-beauty\/\">El futuro de la microaguja de la terapia PRP de belleza<\/a><\/h2>\r\n\t\t<span class=\"vcard\" style=\"display: none;\"><span class=\"fn\"><a href=\"https:\/\/medkithealthinstitute.com\/es\/author\/paula-coloma\/\" title=\"Posts by Paula Coloma\" rel=\"author\">Paula Coloma<\/a><\/span><\/span><span class=\"updated\" style=\"display:none\">2024-04-09T14:56:46+00:00<\/span><p class=\"post-excerpt\">\t\t\t\t\t\t\t\t\t\t\t\t\t\t\t\n\t\t\tThe Future of Beauty: Latest Advancements in Aesthetics at Medkit Health Institute\t\t\n\t\tIn the ever-evolving world of aesthetics, staying ahead of the curve is crucial. At Medkit Health Institute, a renowned MedSpa nestled in the heart of Pompano Beach, FL, we're committed to offering our clients the latest and most effective treatments to help them look and feel their best. In this post, we will explore some of the exciting advancements in aesthetic treatments, focusing on <a href=\"https:\/\/medkithealthinstitute.com\/es\/services\/prp-treatment\/\">Platelet-Rich Plasma (PRP) therapy<\/a>,...<\/p>\t\t\t\t\t<div class=\"post-block post-share\">\r\n\t\t\t\t<div class=\"share-links\"><a href=\"https:\/\/www.facebook.com\/sharer.php?u=https:\/\/medkithealthinstitute.com\/es\/the-future-of-beauty\/\" target=\"_blank\"  rel=\"noopener noreferrer nofollow\" data-bs-tooltip data-bs-placement='bottom' title=\"Facebook\" class=\"share-facebook\">Facebook<\/a>\r\n\t\t<a href=\"https:\/\/twitter.com\/intent\/tweet?text=The+Future+of+Beauty+PRP+Therapy+Microneedling&amp;url=https:\/\/medkithealthinstitute.com\/es\/the-future-of-beauty\/\" target=\"_blank\"  rel=\"noopener noreferrer nofollow\" data-bs-tooltip data-bs-placement='bottom' title=\"X\" class=\"share-twitter\">Twitter<\/a>\r\n\t\t<a href=\"https:\/\/www.linkedin.com\/shareArticle?mini=true&amp;url=https:\/\/medkithealthinstitute.com\/es\/the-future-of-beauty\/&amp;title=The+Future+of+Beauty+PRP+Therapy+Microneedling\" target=\"_blank\"  rel=\"noopener noreferrer nofollow\" data-bs-tooltip data-bs-placement='bottom' title=\"LinkedIn\" class=\"share-linkedin\">LinkedIn<\/a>\r\n\t\t<a href=\"https:\/\/plus.google.com\/share?url=https:\/\/medkithealthinstitute.com\/es\/the-future-of-beauty\/\" target=\"_blank\"  rel=\"noopener noreferrer nofollow\" data-bs-tooltip data-bs-placement='bottom' title=\"Google +\" class=\"share-googleplus\">Google +<\/a>\r\n\t\t<a href=\"mailto:?subject=The+Future+of+Beauty+PRP+Therapy+Microneedling&amp;body=https:\/\/medkithealthinstitute.com\/es\/the-future-of-beauty\/\" target=\"_blank\"  rel=\"noopener noreferrer nofollow\" data-bs-tooltip data-bs-placement='bottom' title=\"Email\" class=\"share-email\">Email<\/a>\r\n\t<\/div>\t\t\t<\/div>\r\n\t\t\t<\/div>\r\n\r\n\t<!-- Post meta after content -->\r\n\t<div class=\"post-meta\"><span class=\"meta-date\">15 February, 2024<\/span><span class=\"meta-author\"><a href=\"https:\/\/medkithealthinstitute.com\/es\/author\/paula-coloma\/\" title=\"Posts by Paula Coloma\" rel=\"author\">Paula Coloma<\/a><\/span><span class=\"meta-cats\"><a href=\"https:\/\/medkithealthinstitute.com\/es\/category\/medspa\/\" rel=\"category tag\">MedSpa<\/a><\/span><\/div>\r\n\t<div class=\"clearfix\">\r\n\t\t<a class=\"btn-readmore\" href=\"https:\/\/medkithealthinstitute.com\/es\/the-future-of-beauty\/\">Read more +<\/a>\r\n\t<\/div>\r\n<\/article>\r\n<\/div>\r\n\t\r\n\t\t\t<\/div>\r\n\t\t<\/div>\r\n\r\n\t\r\n\t\r\n\t<\/div>\t\t\t\t<\/div>\n\t\t\t\t<\/div>\n\t\t\t\t\t<\/div>\r\n\t\t\t\t<\/div>\r\n\t\t\t\t\t<\/div>\r\n\t\t\t\t<\/section>\r\n\t\t\t\t<\/div>","protected":false},"excerpt":{"rendered":"<p>Medkit Health Institute Blogs Elevate your beauty and wellness journey with our insightful blog at Medkit Health in Pompano Beach. Discover expert tips, trends, and advice on skincare, treatments, and holistic wellness for a radiant, revitalized you. Medical Weight Loss Revolution 16 February, 2024Paula ColomaMedSpa0 CommentsPaula Coloma2024-02-27T12:05:04+00:00 Weight Loss Revolution: A Guide to Medical Weight [&hellip;]<\/p>\n","protected":false},"author":27,"featured_media":0,"parent":0,"menu_order":0,"comment_status":"closed","ping_status":"closed","template":"","meta":{"footnotes":""},"class_list":["post-3231","page","type-page","status-publish","hentry"],"_links":{"self":[{"href":"https:\/\/medkithealthinstitute.com\/es\/wp-json\/wp\/v2\/pages\/3231","targetHints":{"allow":["GET"]}}],"collection":[{"href":"https:\/\/medkithealthinstitute.com\/es\/wp-json\/wp\/v2\/pages"}],"about":[{"href":"https:\/\/medkithealthinstitute.com\/es\/wp-json\/wp\/v2\/types\/page"}],"author":[{"embeddable":true,"href":"https:\/\/medkithealthinstitute.com\/es\/wp-json\/wp\/v2\/users\/27"}],"replies":[{"embeddable":true,"href":"https:\/\/medkithealthinstitute.com\/es\/wp-json\/wp\/v2\/comments?post=3231"}],"version-history":[{"count":7,"href":"https:\/\/medkithealthinstitute.com\/es\/wp-json\/wp\/v2\/pages\/3231\/revisions"}],"predecessor-version":[{"id":3258,"href":"https:\/\/medkithealthinstitute.com\/es\/wp-json\/wp\/v2\/pages\/3231\/revisions\/3258"}],"wp:attachment":[{"href":"https:\/\/medkithealthinstitute.com\/es\/wp-json\/wp\/v2\/media?parent=3231"}],"curies":[{"name":"wp","href":"https:\/\/api.w.org\/{rel}","templated":true}]}}